{"id":17340,"date":"2022-12-08T09:52:02","date_gmt":"2022-12-08T08:52:02","guid":{"rendered":"https:\/\/premiumfluids.eu\/?page_id=17340"},"modified":"2023-03-01T16:12:50","modified_gmt":"2023-03-01T15:12:50","slug":"societe","status":"publish","type":"page","link":"https:\/\/premiumfluids.eu\/en\/societe\/","title":{"rendered":"Company"},"content":{"rendered":"<style type=\"text\/css\" data-created_by=\"avia_inline_auto\" id=\"style-css-av-ld0giz8k-c1291ccab17ef8542bee19cb77edf33a\">\n.avia-section.av-ld0giz8k-c1291ccab17ef8542bee19cb77edf33a{\nbackground-color:#ffffff;\nbackground-image:unset;\n}\n<\/style>\n<div id='av_section_1'  class='avia-section av-ld0giz8k-c1291ccab17ef8542bee19cb77edf33a header_color avia-section-default avia-no-border-styling  avia-builder-el-0  el_before_av_section  avia-builder-el-first  avia-bg-style-scroll container_wrap fullsize'  ><div class='container av-section-cont-open' ><main  role=\"main\" itemprop=\"mainContentOfPage\"  class='template-page content  av-content-full alpha units'><div class='post-entry post-entry-type-page post-entry-17340'><div class='entry-content-wrapper clearfix'>\n<div  class='flex_column av-3q7h4s-6d73dc9c13fe0a75088fc5dc65b0b60f av_one_full  avia-builder-el-1  avia-builder-el-no-sibling  first flex_column_div'     ><p>\n<style type=\"text\/css\" data-created_by=\"avia_inline_auto\" id=\"style-css-av-lbeu5snk-1a287e65f57cf3d5e74bfd6f1d711b10\">\n#top .av-special-heading.av-lbeu5snk-1a287e65f57cf3d5e74bfd6f1d711b10{\npadding-bottom:10px;\n}\nbody .av-special-heading.av-lbeu5snk-1a287e65f57cf3d5e74bfd6f1d711b10 .av-special-heading-tag .heading-char{\nfont-size:25px;\n}\n.av-special-heading.av-lbeu5snk-1a287e65f57cf3d5e74bfd6f1d711b10 .av-subheading{\nfont-size:15px;\n}\n<\/style>\n<div  class='av-special-heading av-lbeu5snk-1a287e65f57cf3d5e74bfd6f1d711b10 av-special-heading-h3  avia-builder-el-2  el_before_av_textblock  avia-builder-el-first'><h3 class='av-special-heading-tag'  itemprop=\"headline\"  >Company<\/h3><div class=\"special-heading-border\"><div class=\"special-heading-inner-border\"><\/div><\/div><\/div><br \/>\n<section  class='av_textblock_section av-lbetkdwp-6e1352ccb4eda2b4dfa9bab23eff94fa'   itemscope=\"itemscope\" itemtype=\"https:\/\/schema.org\/CreativeWork\" ><div class='avia_textblock'  itemprop=\"text\" ><p>Premium Factory is the exclusive manufacturer and distributor of the following brands <a href=\"https:\/\/universal-effects.eu\/en\/\">Universal Effects<\/a> | <a href=\"http:\/\/unitedfx.eu\">United FX<\/a> | <a href=\"https:\/\/premiumfragrances.eu\/\">Premium Fragrances<\/a> | <a href=\"https:\/\/premiumfluids.eu\/en\/\">Premium Fluids<\/a> | <a href=\"https:\/\/premiumsanitary.eu\/\">Premium Sanitary<\/a> | <a href=\"https:\/\/premiumfx.eu\/marque\/premium-confetti\/\">Premium Confetti<\/a> | <a href=\"https:\/\/premiumfx.eu\/marque\/premium-holi-powder\/\">Premium Holi Powder<\/a>. We distribute the range of machines <a href=\"https:\/\/premiumfx.eu\/effets\/etincelles\/\">Sparkular<\/a> and <a href=\"https:\/\/premiumfx.eu\/effets\/flamme\/\">Circle Flamme<\/a> of the brand <a href=\"https:\/\/premiumfx.eu\/marque\/showven\">Showven<\/a>.<\/p>\n<p>Designed and manufactured entirely in France in its production unit located in Burgundy, our products are intended for the creation of atmospheric special effects for entertainment, leisure and events.<\/p>\n<p>Used all over the world, in all conditions, Premium Factory products are renowned for their ease of use and their versatility. An asset to meet the many needs related to the event industry.<\/p>\n<p>Premium Factory relies on more than 35 years of experience through its founder and Technical Director R&amp;D, Jean-Yves PIZZINI. An institution more than a company, our teams are passionate about their work and put all their expertise at your service.<\/p>\n<p>Our development requirements are particularly high for all our products, both in terms of choice of materials and assembly techniques. Driven by a bold mindset, we create products that transcend market performance to offer you optimal results.<\/p>\n<p>The best recipes are made from the best resources, which is why our products are made from the best performing components available on the market for long-term use.<\/p>\n<p>We are always looking for ways to improve and learn from our employees. Our goal is to offer the best possible quality to all our customers. To make this work we are constantly listening to you and we appreciate exchanging with you about the functionality of our products.<\/p>\n<\/div><\/section><\/p><\/div><\/div><\/div><\/main><!-- close content main element --><\/div><\/div>\n<style type=\"text\/css\" data-created_by=\"avia_inline_auto\" id=\"style-css-av-spvlcs-8fe98a26a77fa1b00f2ea231f20a7b4e\">\n.avia-section.av-spvlcs-8fe98a26a77fa1b00f2ea231f20a7b4e{\nbackground-color:#ffffff;\nbackground-image:unset;\n}\n<\/style>\n<div id='av_section_2'  class='avia-section av-spvlcs-8fe98a26a77fa1b00f2ea231f20a7b4e main_color avia-section-default avia-no-border-styling  avia-builder-el-4  el_after_av_section  avia-builder-el-last  avia-bg-style-scroll container_wrap fullsize'  ><div class='container av-section-cont-open' ><div class='template-page content  av-content-full alpha units'><div class='post-entry post-entry-type-page post-entry-17340'><div class='entry-content-wrapper clearfix'>\n\n<style type=\"text\/css\" data-created_by=\"avia_inline_auto\" id=\"style-css-av-lbeu62hq-182f71943e051aa3219bb9206493fef5\">\n#top .av-special-heading.av-lbeu62hq-182f71943e051aa3219bb9206493fef5{\npadding-bottom:10px;\n}\nbody .av-special-heading.av-lbeu62hq-182f71943e051aa3219bb9206493fef5 .av-special-heading-tag .heading-char{\nfont-size:25px;\n}\n.av-special-heading.av-lbeu62hq-182f71943e051aa3219bb9206493fef5 .av-subheading{\nfont-size:15px;\n}\n<\/style>\n<div  class='av-special-heading av-lbeu62hq-182f71943e051aa3219bb9206493fef5 av-special-heading-h3  avia-builder-el-5  el_before_av_timeline  avia-builder-el-first'><h3 class='av-special-heading-tag'  itemprop=\"headline\"  >Notre histoire depuis nos d\u00e9buts<\/h3><div class=\"special-heading-border\"><div class=\"special-heading-inner-border\"><\/div><\/div><\/div>\n<div  id=\"avia-timeline-1\"  class='avia-timeline-container av-lbeu9i39-5208b4aac12fa34a706ea8bc46845cac av-slideshow-ui  avia-builder-el-6  el_after_av_heading  avia-builder-el-last' ><ul class='avia-timeline avia-timeline-vertical av-milestone-placement-left avia-timeline- avia_animate_when_almost_visible avia-timeline-animate'>\n<li  class='av-milestone av-lbeu6vw6-36e5088b408bbe98f77cf538932ef086 av-animated-generic fade-in av-milestone-valign-baseline av-milestone-odd'><h2 class='av-milestone-date' id='milestone-2001' ><strong>2001<span class='av-milestone-indicator'><\/span><\/strong><\/h2><div class=\"av-milestone-icon-wrap\"><span class='av-milestone-icon milestone_icon avia-font-entypo-fontello'><span class='av-milestone-icon-inner milestone_inner'><i class='milestone-char avia-iconfont avia-font-entypo-fontello' data-av_icon='\ue82a' data-av_iconfont='entypo-fontello' ><\/i><\/span><\/span><\/div><article class='av-milestone-content-wrap'><div class='av-milestone-contentbox'><header class=\"entry-content-header\" aria-label=\"Milestone: Universal Effects Manufacture\"><h4 class='av-milestone-title'>Universal Effects Manufacture<\/h4><\/header><div class='av-milestone-content'><p>Universal Effects is the inventor of the concept of bases with interchangeable heads allowing the creation of special effects accessible to all professions of the leisure and event scene.<\/p>\n<\/div><\/div><footer class='av-milestone-article-footer entry-footer'><\/footer><\/article><\/li>\n<li  class='av-milestone av-lbeu7ydu-0031408f71704560d2cf16c2b0348626 av-animated-generic fade-in av-milestone-valign-baseline av-milestone-even'><h2 class='av-milestone-date' id='milestone-2012' ><strong>2012<span class='av-milestone-indicator'><\/span><\/strong><\/h2><div class=\"av-milestone-icon-wrap\"><span class='av-milestone-icon milestone_icon avia-font-entypo-fontello'><span class='av-milestone-icon-inner milestone_inner'><i class='milestone-char avia-iconfont avia-font-entypo-fontello' data-av_icon='\ue8b1' data-av_iconfont='entypo-fontello' ><\/i><\/span><\/span><\/div><article class='av-milestone-content-wrap'><div class='av-milestone-contentbox'><header class=\"entry-content-header\" aria-label=\"Milestone: Universal Effects Europe\"><h4 class='av-milestone-title'>Universal Effects Europe<\/h4><\/header><div class='av-milestone-content'><p>After having industrialized a very traditional field, the Universal Effects brand has become known worldwide by equipping professionals and the most prestigious places. Its reputation is based on the quality of its products, which combine efficiency and durability.<\/p>\n<\/div><\/div><footer class='av-milestone-article-footer entry-footer'><\/footer><\/article><\/li>\n<li  class='av-milestone av-lbeu8hit-ed43e7d69d18292a37083740304a93a6 av-animated-generic fade-in av-milestone-valign-baseline av-milestone-odd'><h2 class='av-milestone-date' id='milestone-2018' ><strong>2018<span class='av-milestone-indicator'><\/span><\/strong><\/h2><div class=\"av-milestone-icon-wrap\"><span class='av-milestone-icon milestone_icon avia-font-entypo-fontello'><span class='av-milestone-icon-inner milestone_inner'><i class='milestone-char avia-iconfont avia-font-entypo-fontello' data-av_icon='\ue810' data-av_iconfont='entypo-fontello' ><\/i><\/span><\/span><\/div><article class='av-milestone-content-wrap'><div class='av-milestone-contentbox'><header class=\"entry-content-header\" aria-label=\"Milestone: Premium Factory | Universal Effects\"><h4 class='av-milestone-title'>Premium Factory | Universal Effects<\/h4><\/header><div class='av-milestone-content'><p>Premium Factory manufactures and distributes exclusively the brands Universal Effects | United FX | Premium Fluids, Confetti &amp; Premium Fragrances through its online sales platform <a href=\"http:\/\/premiumfx.eu\">Premium FX<\/a>.<\/p>\n<\/div><\/div><footer class='av-milestone-article-footer entry-footer'><\/footer><\/article><\/li>\n<\/ul><\/div>\n<\/p>","protected":false},"excerpt":{"rendered":"","protected":false},"author":1,"featured_media":0,"parent":0,"menu_order":0,"comment_status":"closed","ping_status":"closed","template":"","meta":{"_vp_format_video_url":"","_vp_image_focal_point":[],"footnotes":""},"class_list":["post-17340","page","type-page","status-publish","hentry"],"yoast_head":"<!-- This site is optimized with the Yoast SEO plugin v27.3 - https:\/\/yoast.com\/product\/yoast-seo-wordpress\/ -->\n<title>Soci\u00e9t\u00e9 - Premium Fluids<\/title>\n<meta name=\"description\" content=\"La soci\u00e9t\u00e9 Premium Factory est fabricant et distributeur exclusif des marques Universal Effects | United FX | Premium Fragrances | Premium ...\" \/>\n<meta name=\"robots\" content=\"index, follow, max-snippet:-1, max-image-preview:large, max-video-preview:-1\" \/>\n<link rel=\"canonical\" href=\"https:\/\/premiumfluids.eu\/en\/societe\/\" \/>\n<meta property=\"og:locale\" content=\"en_GB\" \/>\n<meta property=\"og:type\" content=\"article\" \/>\n<meta property=\"og:title\" content=\"Soci\u00e9t\u00e9 - Premium Fluids\" \/>\n<meta property=\"og:description\" content=\"La soci\u00e9t\u00e9 Premium Factory est fabricant et distributeur exclusif des marques Universal Effects | United FX | Premium Fragrances | Premium ...\" \/>\n<meta property=\"og:url\" content=\"https:\/\/premiumfluids.eu\/en\/societe\/\" \/>\n<meta property=\"og:site_name\" content=\"Premium Fluids\" \/>\n<meta property=\"article:modified_time\" content=\"2023-03-01T15:12:50+00:00\" \/>\n<meta name=\"twitter:card\" content=\"summary_large_image\" \/>\n<meta name=\"twitter:label1\" content=\"Estimated reading time\" \/>\n\t<meta name=\"twitter:data1\" content=\"5 minutes\" \/>\n<script type=\"application\/ld+json\" class=\"yoast-schema-graph\">{\"@context\":\"https:\\\/\\\/schema.org\",\"@graph\":[{\"@type\":\"WebPage\",\"@id\":\"https:\\\/\\\/premiumfluids.eu\\\/societe\\\/\",\"url\":\"https:\\\/\\\/premiumfluids.eu\\\/societe\\\/\",\"name\":\"Soci\u00e9t\u00e9 - Premium Fluids\",\"isPartOf\":{\"@id\":\"https:\\\/\\\/premiumfluids.eu\\\/#website\"},\"datePublished\":\"2022-12-08T08:52:02+00:00\",\"dateModified\":\"2023-03-01T15:12:50+00:00\",\"description\":\"La soci\u00e9t\u00e9 Premium Factory est fabricant et distributeur exclusif des marques Universal Effects | United FX | Premium Fragrances | Premium ...\",\"breadcrumb\":{\"@id\":\"https:\\\/\\\/premiumfluids.eu\\\/societe\\\/#breadcrumb\"},\"inLanguage\":\"en-GB\",\"potentialAction\":[{\"@type\":\"ReadAction\",\"target\":[\"https:\\\/\\\/premiumfluids.eu\\\/societe\\\/\"]}]},{\"@type\":\"BreadcrumbList\",\"@id\":\"https:\\\/\\\/premiumfluids.eu\\\/societe\\\/#breadcrumb\",\"itemListElement\":[{\"@type\":\"ListItem\",\"position\":1,\"name\":\"Accueil\",\"item\":\"https:\\\/\\\/premiumfluids.eu\\\/accueil\\\/\"},{\"@type\":\"ListItem\",\"position\":2,\"name\":\"Soci\u00e9t\u00e9\"}]},{\"@type\":\"WebSite\",\"@id\":\"https:\\\/\\\/premiumfluids.eu\\\/#website\",\"url\":\"https:\\\/\\\/premiumfluids.eu\\\/\",\"name\":\"Premium Fluids\",\"description\":\"Professional special effects fluids\",\"publisher\":{\"@id\":\"https:\\\/\\\/premiumfluids.eu\\\/#organization\"},\"potentialAction\":[{\"@type\":\"SearchAction\",\"target\":{\"@type\":\"EntryPoint\",\"urlTemplate\":\"https:\\\/\\\/premiumfluids.eu\\\/?s={search_term_string}\"},\"query-input\":{\"@type\":\"PropertyValueSpecification\",\"valueRequired\":true,\"valueName\":\"search_term_string\"}}],\"inLanguage\":\"en-GB\"},{\"@type\":\"Organization\",\"@id\":\"https:\\\/\\\/premiumfluids.eu\\\/#organization\",\"name\":\"Premium Fluids\",\"url\":\"https:\\\/\\\/premiumfluids.eu\\\/\",\"logo\":{\"@type\":\"ImageObject\",\"inLanguage\":\"en-GB\",\"@id\":\"https:\\\/\\\/premiumfluids.eu\\\/#\\\/schema\\\/logo\\\/image\\\/\",\"url\":\"https:\\\/\\\/premiumfluids.eu\\\/wp-content\\\/uploads\\\/2015\\\/11\\\/Logo-pemium-fluids3.png\",\"contentUrl\":\"https:\\\/\\\/premiumfluids.eu\\\/wp-content\\\/uploads\\\/2015\\\/11\\\/Logo-pemium-fluids3.png\",\"width\":400,\"height\":361,\"caption\":\"Premium Fluids\"},\"image\":{\"@id\":\"https:\\\/\\\/premiumfluids.eu\\\/#\\\/schema\\\/logo\\\/image\\\/\"}}]}<\/script>\n<!-- \/ Yoast SEO plugin. -->","yoast_head_json":{"title":"Soci\u00e9t\u00e9 - Premium Fluids","description":"La soci\u00e9t\u00e9 Premium Factory est fabricant et distributeur exclusif des marques Universal Effects | United FX | Premium Fragrances | Premium ...","robots":{"index":"index","follow":"follow","max-snippet":"max-snippet:-1","max-image-preview":"max-image-preview:large","max-video-preview":"max-video-preview:-1"},"canonical":"https:\/\/premiumfluids.eu\/en\/societe\/","og_locale":"en_GB","og_type":"article","og_title":"Soci\u00e9t\u00e9 - Premium Fluids","og_description":"La soci\u00e9t\u00e9 Premium Factory est fabricant et distributeur exclusif des marques Universal Effects | United FX | Premium Fragrances | Premium ...","og_url":"https:\/\/premiumfluids.eu\/en\/societe\/","og_site_name":"Premium Fluids","article_modified_time":"2023-03-01T15:12:50+00:00","twitter_card":"summary_large_image","twitter_misc":{"Estimated reading time":"5 minutes"},"schema":{"@context":"https:\/\/schema.org","@graph":[{"@type":"WebPage","@id":"https:\/\/premiumfluids.eu\/societe\/","url":"https:\/\/premiumfluids.eu\/societe\/","name":"Soci\u00e9t\u00e9 - Premium Fluids","isPartOf":{"@id":"https:\/\/premiumfluids.eu\/#website"},"datePublished":"2022-12-08T08:52:02+00:00","dateModified":"2023-03-01T15:12:50+00:00","description":"La soci\u00e9t\u00e9 Premium Factory est fabricant et distributeur exclusif des marques Universal Effects | United FX | Premium Fragrances | Premium ...","breadcrumb":{"@id":"https:\/\/premiumfluids.eu\/societe\/#breadcrumb"},"inLanguage":"en-GB","potentialAction":[{"@type":"ReadAction","target":["https:\/\/premiumfluids.eu\/societe\/"]}]},{"@type":"BreadcrumbList","@id":"https:\/\/premiumfluids.eu\/societe\/#breadcrumb","itemListElement":[{"@type":"ListItem","position":1,"name":"Accueil","item":"https:\/\/premiumfluids.eu\/accueil\/"},{"@type":"ListItem","position":2,"name":"Soci\u00e9t\u00e9"}]},{"@type":"WebSite","@id":"https:\/\/premiumfluids.eu\/#website","url":"https:\/\/premiumfluids.eu\/","name":"Premium Fluids","description":"Professional special effects fluids","publisher":{"@id":"https:\/\/premiumfluids.eu\/#organization"},"potentialAction":[{"@type":"SearchAction","target":{"@type":"EntryPoint","urlTemplate":"https:\/\/premiumfluids.eu\/?s={search_term_string}"},"query-input":{"@type":"PropertyValueSpecification","valueRequired":true,"valueName":"search_term_string"}}],"inLanguage":"en-GB"},{"@type":"Organization","@id":"https:\/\/premiumfluids.eu\/#organization","name":"Premium Fluids","url":"https:\/\/premiumfluids.eu\/","logo":{"@type":"ImageObject","inLanguage":"en-GB","@id":"https:\/\/premiumfluids.eu\/#\/schema\/logo\/image\/","url":"https:\/\/premiumfluids.eu\/wp-content\/uploads\/2015\/11\/Logo-pemium-fluids3.png","contentUrl":"https:\/\/premiumfluids.eu\/wp-content\/uploads\/2015\/11\/Logo-pemium-fluids3.png","width":400,"height":361,"caption":"Premium Fluids"},"image":{"@id":"https:\/\/premiumfluids.eu\/#\/schema\/logo\/image\/"}}]}},"_links":{"self":[{"href":"https:\/\/premiumfluids.eu\/en\/wp-json\/wp\/v2\/pages\/17340","targetHints":{"allow":["GET"]}}],"collection":[{"href":"https:\/\/premiumfluids.eu\/en\/wp-json\/wp\/v2\/pages"}],"about":[{"href":"https:\/\/premiumfluids.eu\/en\/wp-json\/wp\/v2\/types\/page"}],"author":[{"embeddable":true,"href":"https:\/\/premiumfluids.eu\/en\/wp-json\/wp\/v2\/users\/1"}],"replies":[{"embeddable":true,"href":"https:\/\/premiumfluids.eu\/en\/wp-json\/wp\/v2\/comments?post=17340"}],"version-history":[{"count":6,"href":"https:\/\/premiumfluids.eu\/en\/wp-json\/wp\/v2\/pages\/17340\/revisions"}],"predecessor-version":[{"id":18716,"href":"https:\/\/premiumfluids.eu\/en\/wp-json\/wp\/v2\/pages\/17340\/revisions\/18716"}],"wp:attachment":[{"href":"https:\/\/premiumfluids.eu\/en\/wp-json\/wp\/v2\/media?parent=17340"}],"curies":[{"name":"wp","href":"https:\/\/api.w.org\/{rel}","templated":true}]}}