{"id":14819,"date":"2016-04-27T08:02:19","date_gmt":"2016-04-27T07:02:19","guid":{"rendered":"https:\/\/premiumfluids.eu\/?page_id=14819"},"modified":"2023-01-25T11:04:53","modified_gmt":"2023-01-25T10:04:53","slug":"mentions-legales","status":"publish","type":"page","link":"https:\/\/premiumfluids.eu\/en\/mentions-legales\/","title":{"rendered":"Legal information"},"content":{"rendered":"\n<style type=\"text\/css\" data-created_by=\"avia_inline_auto\" id=\"style-css-av-5a4lxab-95e4ca37af75d5a46c0832cda5d53a3a\">\n.avia-section.av-5a4lxab-95e4ca37af75d5a46c0832cda5d53a3a{\nbackground-repeat:no-repeat;\nbackground-image:url(https:\/\/premiumfluids.eu\/wp-content\/uploads\/2014\/10\/fond-contact.jpg);\nbackground-position:50% 50%;\nbackground-attachment:scroll;\n}\n<\/style>\n<div id='av_section_1'  class='avia-section av-5a4lxab-95e4ca37af75d5a46c0832cda5d53a3a main_color avia-section-default avia-no-shadow  avia-builder-el-0  el_before_av_section  avia-builder-el-first  avia-full-stretch avia-bg-style-scroll av-minimum-height av-minimum-height-custom av-height-custom  container_wrap fullsize'  data-section-bg-repeat='stretch' data-av_minimum_height_px='400'><div class='container av-section-cont-open' style='height:400px'><main  role=\"main\" itemprop=\"mainContentOfPage\"  class='template-page content  av-content-full alpha units'><div class='post-entry post-entry-type-page post-entry-14819'><div class='entry-content-wrapper clearfix'>\n\n<style type=\"text\/css\" data-created_by=\"avia_inline_auto\" id=\"style-css-av-jk1u47yg-21ee3768e6a0c8b30018bfb20462f517\">\n#top .av-special-heading.av-jk1u47yg-21ee3768e6a0c8b30018bfb20462f517{\npadding-bottom:10px;\nfont-size:60px;\n}\nbody .av-special-heading.av-jk1u47yg-21ee3768e6a0c8b30018bfb20462f517 .av-special-heading-tag .heading-char{\nfont-size:25px;\n}\n#top #wrap_all .av-special-heading.av-jk1u47yg-21ee3768e6a0c8b30018bfb20462f517 .av-special-heading-tag{\nfont-size:60px;\n}\n.av-special-heading.av-jk1u47yg-21ee3768e6a0c8b30018bfb20462f517 .av-subheading{\nfont-size:15px;\n}\n\n@media only screen and (min-width: 480px) and (max-width: 767px){ \n#top #wrap_all .av-special-heading.av-jk1u47yg-21ee3768e6a0c8b30018bfb20462f517 .av-special-heading-tag{\nfont-size:0.8em;\n}\n}\n\n@media only screen and (max-width: 479px){ \n#top #wrap_all .av-special-heading.av-jk1u47yg-21ee3768e6a0c8b30018bfb20462f517 .av-special-heading-tag{\nfont-size:0.8em;\n}\n}\n<\/style>\n<div  class='av-special-heading av-jk1u47yg-21ee3768e6a0c8b30018bfb20462f517 av-special-heading-h1 blockquote modern-quote modern-centered  avia-builder-el-1  avia-builder-el-no-sibling  av-inherit-size'><h1 class='av-special-heading-tag '  itemprop=\"headline\"  >Mentions L\u00e9gales<\/h1><div class=\"special-heading-border\"><div class=\"special-heading-inner-border\"><\/div><\/div><\/div>\n\n<\/div><\/div><\/main><!-- close content main element --><\/div><\/div><div id='av_section_2'  class='avia-section av-4bat6g3-927d84c09acae62e3c5006ee4dbde963 alternate_color avia-section-default avia-no-shadow  avia-builder-el-2  el_after_av_section  avia-builder-el-last  avia-bg-style-scroll container_wrap fullsize'  ><div class='container av-section-cont-open' ><div class='template-page content  av-content-full alpha units'><div class='post-entry post-entry-type-page post-entry-14819'><div class='entry-content-wrapper clearfix'>\n\n<style type=\"text\/css\" data-created_by=\"avia_inline_auto\" id=\"style-css-av-on46sj-b8c2ad9481db9b074ef2b8471988a99b\">\n#top .av-special-heading.av-on46sj-b8c2ad9481db9b074ef2b8471988a99b{\npadding-bottom:50px;\n}\nbody .av-special-heading.av-on46sj-b8c2ad9481db9b074ef2b8471988a99b .av-special-heading-tag .heading-char{\nfont-size:25px;\n}\n.av-special-heading.av-on46sj-b8c2ad9481db9b074ef2b8471988a99b .av-subheading{\nfont-size:15px;\n}\n<\/style>\n<div  class='av-special-heading av-on46sj-b8c2ad9481db9b074ef2b8471988a99b av-special-heading-h2 blockquote modern-quote modern-centered  avia-builder-el-3  el_before_av_textblock  avia-builder-el-first '><h2 class='av-special-heading-tag '  itemprop=\"headline\"  >Premium Fluids est une marque de Premium Factory<\/h2><div class=\"special-heading-border\"><div class=\"special-heading-inner-border\"><\/div><\/div><\/div>\n<section  class='av_textblock_section av-jyx7y0dz-30f9d9fccb043a84d6c6bb8e85d3520d '   itemscope=\"itemscope\" itemtype=\"https:\/\/schema.org\/CreativeWork\" ><div class='avia_textblock'  itemprop=\"text\" ><p><strong>premiumfluids.eu est \u00e9dit\u00e9 par :<\/strong><\/p>\n<p><em>PREMIUM FACTORY SAS<\/em><\/p>\n<p>repr\u00e9sent\u00e9e par son Directeur Associ\u00e9 M. Jean-Yves PIZZINI,<\/p>\n<p>1 Route Neuve, 71710 Montcenis<br \/>\nBourgogne \u2013 France<br \/>\nN\u00b0 Siret 84070379700018<br \/>\nN\u00b0 TVA Intracommunautaire FR47840703797<\/p>\n<p>direction[@]premiumfactory.eu<br \/>\nT\u00e9l.\u00a0+33 (0) 805 69 13 27<br \/>\nFax\u00a0+33 (0) 972 65 68 12<\/p>\n<p><strong>Directeur de la publication :<\/strong><\/p>\n<p>M. Jean-Yves PIZZINI,<\/p>\n<p><strong>premiumfluids.eu est h\u00e9berg\u00e9 par :<\/strong><\/p>\n<p>La soci\u00e9t\u00e9 Online SAS &#8211; BP 438 &#8211; 75366 Paris CEDEX 08 &#8211; RCS Paris B 433 115 904.<\/p>\n<p>Pour contacter cet h\u00e9bergeur, rendez-vous \u00e0 l\u2019adresse https:\/\/console.online.net\/en\/assistance\/commercial.<\/p>\n<p><strong>Droit d\u2019auteur &#038; propri\u00e9t\u00e9 intellectuelle :<\/strong><\/p>\n<p>La pr\u00e9sentation, les textes et chacun des \u00e9l\u00e9ments, y compris marques, logos et noms de domaine sur le site premiumfluids.eu\u00a0appartiennent \u00e0 la Soci\u00e9t\u00e9 Premium Factory et sont prot\u00e9g\u00e9s par les lois en vigueur sur la propri\u00e9t\u00e9 intellectuelle.<\/p>\n<p>Aucun \u00e9l\u00e9ment composant le site (textes des articles, images, logos, code html, \u2026) ne peut \u00eatre copi\u00e9, reproduit, modifi\u00e9, r\u00e9\u00e9dit\u00e9, charg\u00e9, d\u00e9natur\u00e9, transmis ou distribu\u00e9 de quelque mani\u00e8re que ce soit, de fa\u00e7on partielle ou int\u00e9grale, sans l\u2019autorisation \u00e9crite et pr\u00e9alable de la Soci\u00e9t\u00e9 Premium Factory et sous r\u00e9serve du respect des droits de propri\u00e9t\u00e9 intellectuelle et de tout autre droit de propri\u00e9t\u00e9 dont il est fait mention.<\/p>\n<p>Les Photos et Textes de ce site web sont non contractuelles et peuvent \u00eatre chang\u00e9es sans pr\u00e9avis.<\/p>\n<\/div><\/section>\n\n","protected":false},"excerpt":{"rendered":"","protected":false},"author":6,"featured_media":0,"parent":0,"menu_order":0,"comment_status":"closed","ping_status":"closed","template":"","meta":{"_vp_format_video_url":"","_vp_image_focal_point":[],"footnotes":""},"class_list":["post-14819","page","type-page","status-publish","hentry"],"yoast_head":"<!-- This site is optimized with the Yoast SEO plugin v27.4 - https:\/\/yoast.com\/product\/yoast-seo-wordpress\/ -->\n<title>Mentions l\u00e9gales - Premium Fluids<\/title>\n<meta name=\"robots\" content=\"noindex, follow\" \/>\n<meta property=\"og:locale\" content=\"en_GB\" \/>\n<meta property=\"og:type\" content=\"article\" \/>\n<meta property=\"og:title\" content=\"Mentions l\u00e9gales - Premium Fluids\" \/>\n<meta property=\"og:url\" content=\"https:\/\/premiumfluids.eu\/en\/mentions-legales\/\" \/>\n<meta property=\"og:site_name\" content=\"Premium Fluids\" \/>\n<meta property=\"article:modified_time\" content=\"2023-01-25T10:04:53+00:00\" \/>\n<meta name=\"twitter:card\" content=\"summary_large_image\" \/>\n<meta name=\"twitter:label1\" content=\"Estimated reading time\" \/>\n\t<meta name=\"twitter:data1\" content=\"2 minutes\" \/>\n<script type=\"application\/ld+json\" class=\"yoast-schema-graph\">{\"@context\":\"https:\\\/\\\/schema.org\",\"@graph\":[{\"@type\":\"WebPage\",\"@id\":\"https:\\\/\\\/premiumfluids.eu\\\/mentions-legales\\\/\",\"url\":\"https:\\\/\\\/premiumfluids.eu\\\/mentions-legales\\\/\",\"name\":\"Mentions l\u00e9gales - Premium Fluids\",\"isPartOf\":{\"@id\":\"https:\\\/\\\/premiumfluids.eu\\\/#website\"},\"datePublished\":\"2016-04-27T07:02:19+00:00\",\"dateModified\":\"2023-01-25T10:04:53+00:00\",\"breadcrumb\":{\"@id\":\"https:\\\/\\\/premiumfluids.eu\\\/mentions-legales\\\/#breadcrumb\"},\"inLanguage\":\"en-GB\",\"potentialAction\":[{\"@type\":\"ReadAction\",\"target\":[\"https:\\\/\\\/premiumfluids.eu\\\/mentions-legales\\\/\"]}]},{\"@type\":\"BreadcrumbList\",\"@id\":\"https:\\\/\\\/premiumfluids.eu\\\/mentions-legales\\\/#breadcrumb\",\"itemListElement\":[{\"@type\":\"ListItem\",\"position\":1,\"name\":\"Accueil\",\"item\":\"https:\\\/\\\/premiumfluids.eu\\\/accueil\\\/\"},{\"@type\":\"ListItem\",\"position\":2,\"name\":\"Mentions l\u00e9gales\"}]},{\"@type\":\"WebSite\",\"@id\":\"https:\\\/\\\/premiumfluids.eu\\\/#website\",\"url\":\"https:\\\/\\\/premiumfluids.eu\\\/\",\"name\":\"Premium Fluids\",\"description\":\"Professional special effects fluids\",\"publisher\":{\"@id\":\"https:\\\/\\\/premiumfluids.eu\\\/#organization\"},\"potentialAction\":[{\"@type\":\"SearchAction\",\"target\":{\"@type\":\"EntryPoint\",\"urlTemplate\":\"https:\\\/\\\/premiumfluids.eu\\\/?s={search_term_string}\"},\"query-input\":{\"@type\":\"PropertyValueSpecification\",\"valueRequired\":true,\"valueName\":\"search_term_string\"}}],\"inLanguage\":\"en-GB\"},{\"@type\":\"Organization\",\"@id\":\"https:\\\/\\\/premiumfluids.eu\\\/#organization\",\"name\":\"Premium Fluids\",\"url\":\"https:\\\/\\\/premiumfluids.eu\\\/\",\"logo\":{\"@type\":\"ImageObject\",\"inLanguage\":\"en-GB\",\"@id\":\"https:\\\/\\\/premiumfluids.eu\\\/#\\\/schema\\\/logo\\\/image\\\/\",\"url\":\"https:\\\/\\\/premiumfluids.eu\\\/wp-content\\\/uploads\\\/2015\\\/11\\\/Logo-pemium-fluids3.png\",\"contentUrl\":\"https:\\\/\\\/premiumfluids.eu\\\/wp-content\\\/uploads\\\/2015\\\/11\\\/Logo-pemium-fluids3.png\",\"width\":400,\"height\":361,\"caption\":\"Premium Fluids\"},\"image\":{\"@id\":\"https:\\\/\\\/premiumfluids.eu\\\/#\\\/schema\\\/logo\\\/image\\\/\"}}]}<\/script>\n<!-- \/ Yoast SEO plugin. -->","yoast_head_json":{"title":"Mentions l\u00e9gales - Premium Fluids","robots":{"index":"noindex","follow":"follow"},"og_locale":"en_GB","og_type":"article","og_title":"Mentions l\u00e9gales - Premium Fluids","og_url":"https:\/\/premiumfluids.eu\/en\/mentions-legales\/","og_site_name":"Premium Fluids","article_modified_time":"2023-01-25T10:04:53+00:00","twitter_card":"summary_large_image","twitter_misc":{"Estimated reading time":"2 minutes"},"schema":{"@context":"https:\/\/schema.org","@graph":[{"@type":"WebPage","@id":"https:\/\/premiumfluids.eu\/mentions-legales\/","url":"https:\/\/premiumfluids.eu\/mentions-legales\/","name":"Mentions l\u00e9gales - Premium Fluids","isPartOf":{"@id":"https:\/\/premiumfluids.eu\/#website"},"datePublished":"2016-04-27T07:02:19+00:00","dateModified":"2023-01-25T10:04:53+00:00","breadcrumb":{"@id":"https:\/\/premiumfluids.eu\/mentions-legales\/#breadcrumb"},"inLanguage":"en-GB","potentialAction":[{"@type":"ReadAction","target":["https:\/\/premiumfluids.eu\/mentions-legales\/"]}]},{"@type":"BreadcrumbList","@id":"https:\/\/premiumfluids.eu\/mentions-legales\/#breadcrumb","itemListElement":[{"@type":"ListItem","position":1,"name":"Accueil","item":"https:\/\/premiumfluids.eu\/accueil\/"},{"@type":"ListItem","position":2,"name":"Mentions l\u00e9gales"}]},{"@type":"WebSite","@id":"https:\/\/premiumfluids.eu\/#website","url":"https:\/\/premiumfluids.eu\/","name":"Premium Fluids","description":"Professional special effects fluids","publisher":{"@id":"https:\/\/premiumfluids.eu\/#organization"},"potentialAction":[{"@type":"SearchAction","target":{"@type":"EntryPoint","urlTemplate":"https:\/\/premiumfluids.eu\/?s={search_term_string}"},"query-input":{"@type":"PropertyValueSpecification","valueRequired":true,"valueName":"search_term_string"}}],"inLanguage":"en-GB"},{"@type":"Organization","@id":"https:\/\/premiumfluids.eu\/#organization","name":"Premium Fluids","url":"https:\/\/premiumfluids.eu\/","logo":{"@type":"ImageObject","inLanguage":"en-GB","@id":"https:\/\/premiumfluids.eu\/#\/schema\/logo\/image\/","url":"https:\/\/premiumfluids.eu\/wp-content\/uploads\/2015\/11\/Logo-pemium-fluids3.png","contentUrl":"https:\/\/premiumfluids.eu\/wp-content\/uploads\/2015\/11\/Logo-pemium-fluids3.png","width":400,"height":361,"caption":"Premium Fluids"},"image":{"@id":"https:\/\/premiumfluids.eu\/#\/schema\/logo\/image\/"}}]}},"_links":{"self":[{"href":"https:\/\/premiumfluids.eu\/en\/wp-json\/wp\/v2\/pages\/14819","targetHints":{"allow":["GET"]}}],"collection":[{"href":"https:\/\/premiumfluids.eu\/en\/wp-json\/wp\/v2\/pages"}],"about":[{"href":"https:\/\/premiumfluids.eu\/en\/wp-json\/wp\/v2\/types\/page"}],"author":[{"embeddable":true,"href":"https:\/\/premiumfluids.eu\/en\/wp-json\/wp\/v2\/users\/6"}],"replies":[{"embeddable":true,"href":"https:\/\/premiumfluids.eu\/en\/wp-json\/wp\/v2\/comments?post=14819"}],"version-history":[{"count":3,"href":"https:\/\/premiumfluids.eu\/en\/wp-json\/wp\/v2\/pages\/14819\/revisions"}],"predecessor-version":[{"id":16568,"href":"https:\/\/premiumfluids.eu\/en\/wp-json\/wp\/v2\/pages\/14819\/revisions\/16568"}],"wp:attachment":[{"href":"https:\/\/premiumfluids.eu\/en\/wp-json\/wp\/v2\/media?parent=14819"}],"curies":[{"name":"wp","href":"https:\/\/api.w.org\/{rel}","templated":true}]}}