{"id":14173,"date":"2016-03-07T15:28:19","date_gmt":"2016-03-07T14:28:19","guid":{"rendered":"https:\/\/premiumfluids.eu\/?page_id=14173"},"modified":"2023-02-01T10:10:12","modified_gmt":"2023-02-01T09:10:12","slug":"liquide-a-feu","status":"publish","type":"page","link":"https:\/\/premiumfluids.eu\/en\/liquide-a-feu\/","title":{"rendered":"Fire fluid"},"content":{"rendered":"<style type=\"text\/css\" data-created_by=\"avia_inline_auto\" id=\"style-css-av-lbvy5k14-d438a604c693f93e6756e1186232b20a\">\n.avia-section.av-lbvy5k14-d438a604c693f93e6756e1186232b20a{\nbackground-repeat:no-repeat;\nbackground-image:url(https:\/\/premiumfluids.eu\/wp-content\/uploads\/2016\/04\/fond-feu3.jpg);\nbackground-position:0% 0%;\nbackground-attachment:scroll;\n}\n<\/style>\n<div id='av_section_1'  class='avia-section av-lbvy5k14-d438a604c693f93e6756e1186232b20a main_color avia-section-default avia-no-border-styling  avia-builder-el-0  el_before_av_section  avia-builder-el-first  avia-full-stretch avia-bg-style-scroll av-minimum-height av-minimum-height-75 av-height-75  container_wrap fullsize'  data-section-bg-repeat='stretch' data-av_minimum_height_pc='75' data-av_min_height_opt='75'><div class='container av-section-cont-open' ><main  role=\"main\" itemprop=\"mainContentOfPage\"  class='template-page content  av-content-full alpha units'><div class='post-entry post-entry-type-page post-entry-14173'><div class='entry-content-wrapper clearfix'>\n\n<style type=\"text\/css\" data-created_by=\"avia_inline_auto\" id=\"style-css-av-4qar6gt-683045be92505981e8af8bf32158605d\">\n#top .av-special-heading.av-4qar6gt-683045be92505981e8af8bf32158605d{\npadding-bottom:70px;\ncolor:#eaae20;\nfont-size:60px;\n}\nbody .av-special-heading.av-4qar6gt-683045be92505981e8af8bf32158605d .av-special-heading-tag .heading-char{\nfont-size:25px;\n}\n#top #wrap_all .av-special-heading.av-4qar6gt-683045be92505981e8af8bf32158605d .av-special-heading-tag{\nfont-size:60px;\n}\n.av-special-heading.av-4qar6gt-683045be92505981e8af8bf32158605d .special-heading-inner-border{\nborder-color:#eaae20;\n}\n.av-special-heading.av-4qar6gt-683045be92505981e8af8bf32158605d .av-subheading{\nfont-size:40px;\n}\n\n@media only screen and (min-width: 480px) and (max-width: 767px){ \n#top #wrap_all .av-special-heading.av-4qar6gt-683045be92505981e8af8bf32158605d .av-special-heading-tag{\nfont-size:0.8em;\n}\n}\n\n@media only screen and (max-width: 479px){ \n#top #wrap_all .av-special-heading.av-4qar6gt-683045be92505981e8af8bf32158605d .av-special-heading-tag{\nfont-size:0.8em;\n}\n}\n<\/style>\n<div  class='av-special-heading av-4qar6gt-683045be92505981e8af8bf32158605d av-special-heading-h1 custom-color-heading blockquote modern-quote modern-centered  avia-builder-el-1  el_before_av_image  avia-builder-el-first  titre-gamme av-inherit-size'><h1 class='av-special-heading-tag'  itemprop=\"headline\"  >Fire Fluids <\/h1><div class='av_custom_color av-subheading av-subheading_below'><p>Fire Liquids - For Flame Machines<\/p>\n<\/div><div class=\"special-heading-border\"><div class=\"special-heading-inner-border\"><\/div><\/div><\/div>\n\n<style type=\"text\/css\" data-created_by=\"avia_inline_auto\" id=\"style-css-av-felkxp-7da4c726ee5326ebb64c4364c4214cfa\">\n.avia-image-container.av-felkxp-7da4c726ee5326ebb64c4364c4214cfa img.avia_image{\nbox-shadow:none;\n}\n.avia-image-container.av-felkxp-7da4c726ee5326ebb64c4364c4214cfa .av-image-caption-overlay-center{\ncolor:#ffffff;\n}\n<\/style>\n<div  class='avia-image-container av-felkxp-7da4c726ee5326ebb64c4364c4214cfa av-styling- avia-align-center  avia-builder-el-2  el_after_av_heading  avia-builder-el-last'   itemprop=\"image\" itemscope=\"itemscope\" itemtype=\"https:\/\/schema.org\/ImageObject\" ><div class=\"avia-image-container-inner\"><div class=\"avia-image-overlay-wrap\"><img decoding=\"async\" fetchpriority=\"high\" class='wp-image-15811 avia-img-lazy-loading-not-15811 avia_image' src=\"https:\/\/premiumfluids.eu\/wp-content\/uploads\/2015\/11\/Fire-Liquid-Yellow-famille-1.png\" alt='' title='Fire-Liquid-Yellow-famille'  height=\"443\" width=\"700\"  itemprop=\"thumbnailUrl\" srcset=\"https:\/\/premiumfluids.eu\/wp-content\/uploads\/2015\/11\/Fire-Liquid-Yellow-famille-1.png 700w, https:\/\/premiumfluids.eu\/wp-content\/uploads\/2015\/11\/Fire-Liquid-Yellow-famille-1-300x190.png 300w, https:\/\/premiumfluids.eu\/wp-content\/uploads\/2015\/11\/Fire-Liquid-Yellow-famille-1-450x285.png 450w\" sizes=\"(max-width: 700px) 100vw, 700px\" \/><\/div><\/div><\/div>\n\n<\/div><\/div><\/main><!-- close content main element --><\/div><\/div><div id='av_section_2'  class='avia-section av-k1aybh-da2736a2d1f6b63b73bee161497c38d2 main_color avia-section-default avia-no-border-styling  avia-builder-el-3  el_after_av_section  el_before_av_section  avia-bg-style-scroll container_wrap fullsize'  ><div class='container av-section-cont-open' ><div class='template-page content  av-content-full alpha units'><div class='post-entry post-entry-type-page post-entry-14173'><div class='entry-content-wrapper clearfix'>\n\n<style type=\"text\/css\" data-created_by=\"avia_inline_auto\" id=\"style-css-av-15r38rh-7ee3eddb2381d475da92c03216f2db49\">\n#top .flex_column.av-15r38rh-7ee3eddb2381d475da92c03216f2db49{\nmargin-top:0px;\nmargin-bottom:0px;\n}\n.flex_column.av-15r38rh-7ee3eddb2381d475da92c03216f2db49{\nborder-radius:0px 0px 0px 0px;\npadding:0px 0px 0px 0px;\n}\n.responsive #top #wrap_all .flex_column.av-15r38rh-7ee3eddb2381d475da92c03216f2db49{\nmargin-top:0px;\nmargin-bottom:0px;\n}\n<\/style>\n<div  class='flex_column av-15r38rh-7ee3eddb2381d475da92c03216f2db49 av_one_full  avia-builder-el-4  avia-builder-el-no-sibling  first flex_column_div av-zero-column-padding'     ><div  id=\"av-sc-portfolio-1\"  class='categorieFluids grid-sort-container isotope   no_margin-container with-excerpt-container grid-total-even grid-col-4 grid-links-' data-portfolio-id='1'><div data-ajax-id='13309' class='grid-entry flex_column isotope-item all_sort no_margin post-entry post-entry-13309 grid-entry-overview grid-loop-1 grid-parity-odd  fire-fluids_sort fire-liquids_sort  av_one_fourth first default_av_fullwidth'><article class='main_color inner-entry'  itemscope=\"itemscope\" itemtype=\"https:\/\/schema.org\/CreativeWork\" ><a href=\"https:\/\/premiumfluids.eu\/en\/fluids\/fire-liquid-isopar\/\" title='Fire Fluid Isopar'  data-rel='grid-1' class='grid-image avia-hover-fx'> <img decoding=\"async\" fetchpriority=\"high\" width=\"500\" height=\"500\" src=\"https:\/\/premiumfluids.eu\/wp-content\/uploads\/2022\/12\/Fire-Fluid-yellow-5L.png\" class=\"wp-image-18492 avia-img-lazy-loading-not-18492 attachment-no scaling size-no scaling wp-post-image\" alt=\"\" srcset=\"https:\/\/premiumfluids.eu\/wp-content\/uploads\/2022\/12\/Fire-Fluid-yellow-5L.png 500w, https:\/\/premiumfluids.eu\/wp-content\/uploads\/2022\/12\/Fire-Fluid-yellow-5L-300x300.png 300w, https:\/\/premiumfluids.eu\/wp-content\/uploads\/2022\/12\/Fire-Fluid-yellow-5L-80x80.png 80w, https:\/\/premiumfluids.eu\/wp-content\/uploads\/2022\/12\/Fire-Fluid-yellow-5L-12x12.png 12w, https:\/\/premiumfluids.eu\/wp-content\/uploads\/2022\/12\/Fire-Fluid-yellow-5L-36x36.png 36w, https:\/\/premiumfluids.eu\/wp-content\/uploads\/2022\/12\/Fire-Fluid-yellow-5L-180x180.png 180w\" sizes=\"(max-width: 500px) 100vw, 500px\" \/><\/a><div class='grid-content'><div class='avia-arrow'><\/div><header class=\"entry-content-header\" aria-label=\"Portfolio: Fire Fluid Isopar\"><h3 class='grid-entry-title entry-title'  itemprop=\"headline\" ><a href='https:\/\/premiumfluids.eu\/en\/fluids\/fire-liquid-isopar\/' title='Fire Fluid Isopar'>Fire Fluid Isopar<\/a><\/h3><\/header><div class='grid-entry-excerpt entry-content'  itemprop=\"text\" >Professional fire liquid suitable for outdoor use<\/div><\/div><footer class=\"entry-footer\"><\/footer><\/article><\/div><div data-ajax-id='18326' class='grid-entry flex_column isotope-item all_sort no_margin post-entry post-entry-18326 grid-entry-overview grid-loop-2 grid-parity-even  post-entry-last  fire-fluids_sort fire-liquids_sort  av_one_fourth  default_av_fullwidth'><article class='main_color inner-entry'  itemscope=\"itemscope\" itemtype=\"https:\/\/schema.org\/CreativeWork\" ><a href=\"https:\/\/premiumfluids.eu\/en\/fluids\/fire-liquid-isopro\/\" title='Fire Fluid Isopro'  data-rel='grid-1' class='grid-image avia-hover-fx'> <img decoding=\"async\" fetchpriority=\"high\" width=\"500\" height=\"500\" src=\"https:\/\/premiumfluids.eu\/wp-content\/uploads\/2022\/12\/Fire-Fluid-yellow-5L.png\" class=\"wp-image-18492 avia-img-lazy-loading-not-18492 attachment-no scaling size-no scaling wp-post-image\" alt=\"\" srcset=\"https:\/\/premiumfluids.eu\/wp-content\/uploads\/2022\/12\/Fire-Fluid-yellow-5L.png 500w, https:\/\/premiumfluids.eu\/wp-content\/uploads\/2022\/12\/Fire-Fluid-yellow-5L-300x300.png 300w, https:\/\/premiumfluids.eu\/wp-content\/uploads\/2022\/12\/Fire-Fluid-yellow-5L-80x80.png 80w, https:\/\/premiumfluids.eu\/wp-content\/uploads\/2022\/12\/Fire-Fluid-yellow-5L-12x12.png 12w, https:\/\/premiumfluids.eu\/wp-content\/uploads\/2022\/12\/Fire-Fluid-yellow-5L-36x36.png 36w, https:\/\/premiumfluids.eu\/wp-content\/uploads\/2022\/12\/Fire-Fluid-yellow-5L-180x180.png 180w\" sizes=\"(max-width: 500px) 100vw, 500px\" \/><\/a><div class='grid-content'><div class='avia-arrow'><\/div><header class=\"entry-content-header\" aria-label=\"Portfolio: Fire Fluid Isopro\"><h3 class='grid-entry-title entry-title'  itemprop=\"headline\" ><a href='https:\/\/premiumfluids.eu\/en\/fluids\/fire-liquid-isopro\/' title='Fire Fluid Isopro'>Fire Fluid Isopro<\/a><\/h3><\/header><div class='grid-entry-excerpt entry-content'  itemprop=\"text\" >Professional fire liquid suitable for indoor use<\/div><\/div><footer class=\"entry-footer\"><\/footer><\/article><\/div><\/div><\/div>\n\n<\/div><\/div><\/div><!-- close content main div --><\/div><\/div>\n<style type=\"text\/css\" data-created_by=\"avia_inline_auto\" id=\"style-css-av-3v2bxdp-158cd67bb5aeec2b60ad092f3b78c784\">\n.avia-section.av-3v2bxdp-158cd67bb5aeec2b60ad092f3b78c784{\nbackground-color:#ffffff;\nbackground-image:unset;\n}\n<\/style>\n<div id='av_section_3'  class='avia-section av-3v2bxdp-158cd67bb5aeec2b60ad092f3b78c784 main_color avia-section-huge avia-no-border-styling  avia-builder-el-6  el_after_av_section  avia-builder-el-last  avia-bg-style-scroll container_wrap fullsize'  ><div class='container av-section-cont-open' ><div class='template-page content  av-content-full alpha units'><div class='post-entry post-entry-type-page post-entry-14173'><div class='entry-content-wrapper clearfix'>\n\n<style type=\"text\/css\" data-created_by=\"avia_inline_auto\" id=\"style-css-av-3o3z5i5-98568663b6919d0b9e258dcfaed927ca\">\n\n@media only screen and (min-width: 768px) and (max-width: 989px){ \n.flex_column.av-3o3z5i5-98568663b6919d0b9e258dcfaed927ca{\npadding:0 0 50px 0;\n}\n}\n\n@media only screen and (min-width: 480px) and (max-width: 767px){ \n.flex_column.av-3o3z5i5-98568663b6919d0b9e258dcfaed927ca{\npadding:0 0 50px 0;\n}\n}\n\n@media only screen and (max-width: 479px){ \n.flex_column.av-3o3z5i5-98568663b6919d0b9e258dcfaed927ca{\npadding:0 0 50px 0;\n}\n}\n<\/style>\n<div  class='flex_column av-3o3z5i5-98568663b6919d0b9e258dcfaed927ca av_one_third  avia-builder-el-7  el_before_av_one_third  avia-builder-el-first  first flex_column_div'     ><p>\n<style type=\"text\/css\" data-created_by=\"avia_inline_auto\" id=\"style-css-av-2w0o9ct-fca61fff7f59d88f384ec84fbf3a4810\">\n.av_font_icon.av-2w0o9ct-fca61fff7f59d88f384ec84fbf3a4810{\ncolor:#222222;\nborder-color:#222222;\n}\n.avia-svg-icon.av-2w0o9ct-fca61fff7f59d88f384ec84fbf3a4810 svg:first-child{\nstroke:#222222;\nfill:#222222;\n}\n.av_font_icon.av-2w0o9ct-fca61fff7f59d88f384ec84fbf3a4810 .av-icon-char{\nfont-size:60px;\nline-height:60px;\n}\n<\/style>\n<span  class='av_font_icon av-2w0o9ct-fca61fff7f59d88f384ec84fbf3a4810 avia_animate_when_visible av-icon-style- avia-icon-pos-center avia-iconfont avia-font-entypo-fontello avia-icon-animate'><span class='av-icon-char' data-av_icon='\ue8de' data-av_iconfont='entypo-fontello' aria-hidden=\"true\" ><\/span><\/span><br \/>\n\n<style type=\"text\/css\" data-created_by=\"avia_inline_auto\" id=\"style-css-av-8rm6pp-4f2da19e72971ec4144ad5e057775155\">\n#top .av-special-heading.av-8rm6pp-4f2da19e72971ec4144ad5e057775155{\nmargin:40px 0 0 0;\npadding-bottom:10px;\n}\nbody .av-special-heading.av-8rm6pp-4f2da19e72971ec4144ad5e057775155 .av-special-heading-tag .heading-char{\nfont-size:25px;\n}\n.av-special-heading.av-8rm6pp-4f2da19e72971ec4144ad5e057775155 .av-subheading{\nfont-size:15px;\n}\n<\/style>\n<div  class='av-special-heading av-8rm6pp-4f2da19e72971ec4144ad5e057775155 av-special-heading-h3 blockquote modern-quote modern-centered  avia-builder-el-9  el_after_av_font_icon  avia-builder-el-last'><h3 class='av-special-heading-tag'  itemprop=\"headline\"  >Compatible with all machines<\/h3><div class=\"special-heading-border\"><div class=\"special-heading-inner-border\"><\/div><\/div><\/div><\/p><\/div>\n<style type=\"text\/css\" data-created_by=\"avia_inline_auto\" id=\"style-css-av-74qezh-598b6dbaeb26142904ba0c22e1b7d419\">\n\n@media only screen and (min-width: 768px) and (max-width: 989px){ \n.flex_column.av-74qezh-598b6dbaeb26142904ba0c22e1b7d419{\npadding:10px 10px 10px 10px;\n}\n}\n\n@media only screen and (min-width: 480px) and (max-width: 767px){ \n.flex_column.av-74qezh-598b6dbaeb26142904ba0c22e1b7d419{\npadding:10px 10px 10px 10px;\n}\n}\n\n@media only screen and (max-width: 479px){ \n.flex_column.av-74qezh-598b6dbaeb26142904ba0c22e1b7d419{\npadding:10px 10px 10px 10px;\n}\n}\n<\/style>\n<div  class='flex_column av-74qezh-598b6dbaeb26142904ba0c22e1b7d419 av_one_third  avia-builder-el-10  el_after_av_one_third  el_before_av_one_third  flex_column_div'     ><p>\n<style type=\"text\/css\" data-created_by=\"avia_inline_auto\" id=\"style-css-av-1mimcot-8982c64c56ff8ec486d4f673066f95b8\">\n.avia-image-container.av-1mimcot-8982c64c56ff8ec486d4f673066f95b8 img.avia_image{\nbox-shadow:none;\n}\n.avia-image-container.av-1mimcot-8982c64c56ff8ec486d4f673066f95b8 .av-image-caption-overlay-center{\ncolor:#ffffff;\n}\n<\/style>\n<div  class='avia-image-container av-1mimcot-8982c64c56ff8ec486d4f673066f95b8 av-styling- avia-align-center  avia-builder-el-11  el_before_av_heading  avia-builder-el-first'   itemprop=\"image\" itemscope=\"itemscope\" itemtype=\"https:\/\/schema.org\/ImageObject\" ><div class=\"avia-image-container-inner\"><div class=\"avia-image-overlay-wrap\"><img decoding=\"async\" fetchpriority=\"high\" class='wp-image-18653 avia-img-lazy-loading-not-18653 avia_image' src=\"https:\/\/premiumfluids.eu\/wp-content\/uploads\/2023\/02\/drapeau-fr-60px.png\" alt='' title='drapeau-fr-60px'  height=\"60\" width=\"60\"  itemprop=\"thumbnailUrl\" srcset=\"https:\/\/premiumfluids.eu\/wp-content\/uploads\/2023\/02\/drapeau-fr-60px.png 60w, https:\/\/premiumfluids.eu\/wp-content\/uploads\/2023\/02\/drapeau-fr-60px-12x12.png 12w, https:\/\/premiumfluids.eu\/wp-content\/uploads\/2023\/02\/drapeau-fr-60px-36x36.png 36w\" sizes=\"(max-width: 60px) 100vw, 60px\" \/><\/div><\/div><\/div><br \/>\n\n<style type=\"text\/css\" data-created_by=\"avia_inline_auto\" id=\"style-css-av-3x8bml-469dfb0ea0df178aa016bd2813d4b5a0\">\n#top .av-special-heading.av-3x8bml-469dfb0ea0df178aa016bd2813d4b5a0{\nmargin:40px 0 0 0;\npadding-bottom:10px;\n}\nbody .av-special-heading.av-3x8bml-469dfb0ea0df178aa016bd2813d4b5a0 .av-special-heading-tag .heading-char{\nfont-size:25px;\n}\n.av-special-heading.av-3x8bml-469dfb0ea0df178aa016bd2813d4b5a0 .av-subheading{\nfont-size:15px;\n}\n<\/style>\n<div  class='av-special-heading av-3x8bml-469dfb0ea0df178aa016bd2813d4b5a0 av-special-heading-h3 blockquote modern-quote modern-centered  avia-builder-el-12  el_after_av_image  avia-builder-el-last'><h3 class='av-special-heading-tag'  itemprop=\"headline\"  >Made in France<\/h3><div class=\"special-heading-border\"><div class=\"special-heading-inner-border\"><\/div><\/div><\/div><\/p><\/div>\n<style type=\"text\/css\" data-created_by=\"avia_inline_auto\" id=\"style-css-av-tuu5bx-84b98e1fc3f5f021b1de1d9facb3f8c0\">\n\n@media only screen and (min-width: 768px) and (max-width: 989px){ \n.flex_column.av-tuu5bx-84b98e1fc3f5f021b1de1d9facb3f8c0{\npadding:50px 0 0 0;\n}\n}\n\n@media only screen and (min-width: 480px) and (max-width: 767px){ \n.flex_column.av-tuu5bx-84b98e1fc3f5f021b1de1d9facb3f8c0{\npadding:50px 0 0 0;\n}\n}\n\n@media only screen and (max-width: 479px){ \n.flex_column.av-tuu5bx-84b98e1fc3f5f021b1de1d9facb3f8c0{\npadding:50px 0 0 0;\n}\n}\n<\/style>\n<div  class='flex_column av-tuu5bx-84b98e1fc3f5f021b1de1d9facb3f8c0 av_one_third  avia-builder-el-13  el_after_av_one_third  avia-builder-el-last  flex_column_div'     ><p>\n<style type=\"text\/css\" data-created_by=\"avia_inline_auto\" id=\"style-css-av-ldj17pbk-e65b60b2f6deed6f7b8107c0cc28f971\">\n.av_font_icon.av-ldj17pbk-e65b60b2f6deed6f7b8107c0cc28f971{\ncolor:#222222;\nborder-color:#222222;\n}\n.avia-svg-icon.av-ldj17pbk-e65b60b2f6deed6f7b8107c0cc28f971 svg:first-child{\nstroke:#222222;\nfill:#222222;\n}\n.av_font_icon.av-ldj17pbk-e65b60b2f6deed6f7b8107c0cc28f971 .av-icon-char{\nfont-size:60px;\nline-height:60px;\n}\n<\/style>\n<span  class='av_font_icon av-ldj17pbk-e65b60b2f6deed6f7b8107c0cc28f971 avia_animate_when_visible av-icon-style- avia-icon-pos-center avia-iconfont avia-font-entypo-fontello avia-icon-animate'><span class='av-icon-char' data-av_icon='\ue85d' data-av_iconfont='entypo-fontello' aria-hidden=\"true\" ><\/span><\/span><br \/>\n\n<style type=\"text\/css\" data-created_by=\"avia_inline_auto\" id=\"style-css-av-ldj180kf-0cc10eaa75f13398f73b448ca56f5665\">\n#top .av-special-heading.av-ldj180kf-0cc10eaa75f13398f73b448ca56f5665{\nmargin:40px 0 0 0;\npadding-bottom:10px;\n}\nbody .av-special-heading.av-ldj180kf-0cc10eaa75f13398f73b448ca56f5665 .av-special-heading-tag .heading-char{\nfont-size:25px;\n}\n.av-special-heading.av-ldj180kf-0cc10eaa75f13398f73b448ca56f5665 .av-subheading{\nfont-size:15px;\n}\n<\/style>\n<div  class='av-special-heading av-ldj180kf-0cc10eaa75f13398f73b448ca56f5665 av-special-heading-h3 blockquote modern-quote modern-centered  avia-builder-el-15  el_after_av_font_icon  avia-builder-el-last'><h3 class='av-special-heading-tag'  itemprop=\"headline\"  >Indoor \/ Outdoor<\/h3><div class=\"special-heading-border\"><div class=\"special-heading-inner-border\"><\/div><\/div><\/div><\/p><\/div>","protected":false},"excerpt":{"rendered":"","protected":false},"author":6,"featured_media":0,"parent":0,"menu_order":0,"comment_status":"closed","ping_status":"closed","template":"","meta":{"_vp_format_video_url":"","_vp_image_focal_point":[],"footnotes":""},"class_list":["post-14173","page","type-page","status-publish","hentry"],"yoast_head":"<!-- This site is optimized with the Yoast SEO plugin v27.3 - https:\/\/yoast.com\/product\/yoast-seo-wordpress\/ -->\n<title>Liquides \u00e0 feu - Gamme Fire Fluids - Premium Fluids<\/title>\n<meta name=\"description\" content=\"Liquides \u00e0 feu pr\u00eats \u00e0 l&#039;emploi sp\u00e9cialement \u00e9labor\u00e9 pour une utilisation avec les machines \u00e0 feu Universal Effects et United FX.\" \/>\n<meta name=\"robots\" content=\"index, follow, max-snippet:-1, max-image-preview:large, max-video-preview:-1\" \/>\n<link rel=\"canonical\" href=\"https:\/\/premiumfluids.eu\/en\/liquide-a-feu\/\" \/>\n<meta property=\"og:locale\" content=\"en_GB\" \/>\n<meta property=\"og:type\" content=\"article\" \/>\n<meta property=\"og:title\" content=\"Liquides \u00e0 feu - Gamme Fire Fluids - Premium Fluids\" \/>\n<meta property=\"og:description\" content=\"Liquides \u00e0 feu pr\u00eats \u00e0 l&#039;emploi sp\u00e9cialement \u00e9labor\u00e9 pour une utilisation avec les machines \u00e0 feu Universal Effects et United FX.\" \/>\n<meta property=\"og:url\" content=\"https:\/\/premiumfluids.eu\/en\/liquide-a-feu\/\" \/>\n<meta property=\"og:site_name\" content=\"Premium Fluids\" \/>\n<meta property=\"article:modified_time\" content=\"2023-02-01T09:10:12+00:00\" \/>\n<meta name=\"twitter:card\" content=\"summary_large_image\" \/>\n<meta name=\"twitter:label1\" content=\"Estimated reading time\" \/>\n\t<meta name=\"twitter:data1\" content=\"6 minutes\" \/>\n<script type=\"application\/ld+json\" class=\"yoast-schema-graph\">{\"@context\":\"https:\\\/\\\/schema.org\",\"@graph\":[{\"@type\":\"WebPage\",\"@id\":\"https:\\\/\\\/premiumfluids.eu\\\/liquide-a-feu\\\/\",\"url\":\"https:\\\/\\\/premiumfluids.eu\\\/liquide-a-feu\\\/\",\"name\":\"Liquides \u00e0 feu - Gamme Fire Fluids - Premium Fluids\",\"isPartOf\":{\"@id\":\"https:\\\/\\\/premiumfluids.eu\\\/#website\"},\"datePublished\":\"2016-03-07T14:28:19+00:00\",\"dateModified\":\"2023-02-01T09:10:12+00:00\",\"description\":\"Liquides \u00e0 feu pr\u00eats \u00e0 l'emploi sp\u00e9cialement \u00e9labor\u00e9 pour une utilisation avec les machines \u00e0 feu Universal Effects et United FX.\",\"breadcrumb\":{\"@id\":\"https:\\\/\\\/premiumfluids.eu\\\/liquide-a-feu\\\/#breadcrumb\"},\"inLanguage\":\"en-GB\",\"potentialAction\":[{\"@type\":\"ReadAction\",\"target\":[\"https:\\\/\\\/premiumfluids.eu\\\/liquide-a-feu\\\/\"]}]},{\"@type\":\"BreadcrumbList\",\"@id\":\"https:\\\/\\\/premiumfluids.eu\\\/liquide-a-feu\\\/#breadcrumb\",\"itemListElement\":[{\"@type\":\"ListItem\",\"position\":1,\"name\":\"Accueil\",\"item\":\"https:\\\/\\\/premiumfluids.eu\\\/accueil\\\/\"},{\"@type\":\"ListItem\",\"position\":2,\"name\":\"Liquide \u00e0 feu\"}]},{\"@type\":\"WebSite\",\"@id\":\"https:\\\/\\\/premiumfluids.eu\\\/#website\",\"url\":\"https:\\\/\\\/premiumfluids.eu\\\/\",\"name\":\"Premium Fluids\",\"description\":\"Professional special effects fluids\",\"publisher\":{\"@id\":\"https:\\\/\\\/premiumfluids.eu\\\/#organization\"},\"potentialAction\":[{\"@type\":\"SearchAction\",\"target\":{\"@type\":\"EntryPoint\",\"urlTemplate\":\"https:\\\/\\\/premiumfluids.eu\\\/?s={search_term_string}\"},\"query-input\":{\"@type\":\"PropertyValueSpecification\",\"valueRequired\":true,\"valueName\":\"search_term_string\"}}],\"inLanguage\":\"en-GB\"},{\"@type\":\"Organization\",\"@id\":\"https:\\\/\\\/premiumfluids.eu\\\/#organization\",\"name\":\"Premium Fluids\",\"url\":\"https:\\\/\\\/premiumfluids.eu\\\/\",\"logo\":{\"@type\":\"ImageObject\",\"inLanguage\":\"en-GB\",\"@id\":\"https:\\\/\\\/premiumfluids.eu\\\/#\\\/schema\\\/logo\\\/image\\\/\",\"url\":\"https:\\\/\\\/premiumfluids.eu\\\/wp-content\\\/uploads\\\/2015\\\/11\\\/Logo-pemium-fluids3.png\",\"contentUrl\":\"https:\\\/\\\/premiumfluids.eu\\\/wp-content\\\/uploads\\\/2015\\\/11\\\/Logo-pemium-fluids3.png\",\"width\":400,\"height\":361,\"caption\":\"Premium Fluids\"},\"image\":{\"@id\":\"https:\\\/\\\/premiumfluids.eu\\\/#\\\/schema\\\/logo\\\/image\\\/\"}}]}<\/script>\n<!-- \/ Yoast SEO plugin. -->","yoast_head_json":{"title":"Liquides \u00e0 feu - Gamme Fire Fluids - Premium Fluids","description":"Liquides \u00e0 feu pr\u00eats \u00e0 l'emploi sp\u00e9cialement \u00e9labor\u00e9 pour une utilisation avec les machines \u00e0 feu Universal Effects et United FX.","robots":{"index":"index","follow":"follow","max-snippet":"max-snippet:-1","max-image-preview":"max-image-preview:large","max-video-preview":"max-video-preview:-1"},"canonical":"https:\/\/premiumfluids.eu\/en\/liquide-a-feu\/","og_locale":"en_GB","og_type":"article","og_title":"Liquides \u00e0 feu - Gamme Fire Fluids - Premium Fluids","og_description":"Liquides \u00e0 feu pr\u00eats \u00e0 l'emploi sp\u00e9cialement \u00e9labor\u00e9 pour une utilisation avec les machines \u00e0 feu Universal Effects et United FX.","og_url":"https:\/\/premiumfluids.eu\/en\/liquide-a-feu\/","og_site_name":"Premium Fluids","article_modified_time":"2023-02-01T09:10:12+00:00","twitter_card":"summary_large_image","twitter_misc":{"Estimated reading time":"6 minutes"},"schema":{"@context":"https:\/\/schema.org","@graph":[{"@type":"WebPage","@id":"https:\/\/premiumfluids.eu\/liquide-a-feu\/","url":"https:\/\/premiumfluids.eu\/liquide-a-feu\/","name":"Liquides \u00e0 feu - Gamme Fire Fluids - Premium Fluids","isPartOf":{"@id":"https:\/\/premiumfluids.eu\/#website"},"datePublished":"2016-03-07T14:28:19+00:00","dateModified":"2023-02-01T09:10:12+00:00","description":"Liquides \u00e0 feu pr\u00eats \u00e0 l'emploi sp\u00e9cialement \u00e9labor\u00e9 pour une utilisation avec les machines \u00e0 feu Universal Effects et United FX.","breadcrumb":{"@id":"https:\/\/premiumfluids.eu\/liquide-a-feu\/#breadcrumb"},"inLanguage":"en-GB","potentialAction":[{"@type":"ReadAction","target":["https:\/\/premiumfluids.eu\/liquide-a-feu\/"]}]},{"@type":"BreadcrumbList","@id":"https:\/\/premiumfluids.eu\/liquide-a-feu\/#breadcrumb","itemListElement":[{"@type":"ListItem","position":1,"name":"Accueil","item":"https:\/\/premiumfluids.eu\/accueil\/"},{"@type":"ListItem","position":2,"name":"Liquide \u00e0 feu"}]},{"@type":"WebSite","@id":"https:\/\/premiumfluids.eu\/#website","url":"https:\/\/premiumfluids.eu\/","name":"Premium Fluids","description":"Professional special effects fluids","publisher":{"@id":"https:\/\/premiumfluids.eu\/#organization"},"potentialAction":[{"@type":"SearchAction","target":{"@type":"EntryPoint","urlTemplate":"https:\/\/premiumfluids.eu\/?s={search_term_string}"},"query-input":{"@type":"PropertyValueSpecification","valueRequired":true,"valueName":"search_term_string"}}],"inLanguage":"en-GB"},{"@type":"Organization","@id":"https:\/\/premiumfluids.eu\/#organization","name":"Premium Fluids","url":"https:\/\/premiumfluids.eu\/","logo":{"@type":"ImageObject","inLanguage":"en-GB","@id":"https:\/\/premiumfluids.eu\/#\/schema\/logo\/image\/","url":"https:\/\/premiumfluids.eu\/wp-content\/uploads\/2015\/11\/Logo-pemium-fluids3.png","contentUrl":"https:\/\/premiumfluids.eu\/wp-content\/uploads\/2015\/11\/Logo-pemium-fluids3.png","width":400,"height":361,"caption":"Premium Fluids"},"image":{"@id":"https:\/\/premiumfluids.eu\/#\/schema\/logo\/image\/"}}]}},"_links":{"self":[{"href":"https:\/\/premiumfluids.eu\/en\/wp-json\/wp\/v2\/pages\/14173","targetHints":{"allow":["GET"]}}],"collection":[{"href":"https:\/\/premiumfluids.eu\/en\/wp-json\/wp\/v2\/pages"}],"about":[{"href":"https:\/\/premiumfluids.eu\/en\/wp-json\/wp\/v2\/types\/page"}],"author":[{"embeddable":true,"href":"https:\/\/premiumfluids.eu\/en\/wp-json\/wp\/v2\/users\/6"}],"replies":[{"embeddable":true,"href":"https:\/\/premiumfluids.eu\/en\/wp-json\/wp\/v2\/comments?post=14173"}],"version-history":[{"count":13,"href":"https:\/\/premiumfluids.eu\/en\/wp-json\/wp\/v2\/pages\/14173\/revisions"}],"predecessor-version":[{"id":18659,"href":"https:\/\/premiumfluids.eu\/en\/wp-json\/wp\/v2\/pages\/14173\/revisions\/18659"}],"wp:attachment":[{"href":"https:\/\/premiumfluids.eu\/en\/wp-json\/wp\/v2\/media?parent=14173"}],"curies":[{"name":"wp","href":"https:\/\/api.w.org\/{rel}","templated":true}]}}