{"id":13589,"date":"2016-01-12T11:53:12","date_gmt":"2016-01-12T10:53:12","guid":{"rendered":"https:\/\/premiumfluids.eu\/?page_id=13589"},"modified":"2023-01-17T17:38:48","modified_gmt":"2023-01-17T16:38:48","slug":"faq","status":"publish","type":"page","link":"https:\/\/premiumfluids.eu\/en\/contact\/faq\/","title":{"rendered":"FAQ"},"content":{"rendered":"<style type=\"text\/css\" data-created_by=\"avia_inline_auto\" id=\"style-css-av-46n7mph-a90706514f3d3598388c842ff8067f9d\">\n.avia-section.av-46n7mph-a90706514f3d3598388c842ff8067f9d{\nbackground-repeat:no-repeat;\nbackground-image:url(https:\/\/premiumfluids.eu\/wp-content\/uploads\/2014\/10\/fond-contact.jpg);\nbackground-position:0% 0%;\nbackground-attachment:scroll;\n}\n.avia-section.av-46n7mph-a90706514f3d3598388c842ff8067f9d .av-section-color-overlay{\nopacity:0.5;\nbackground-color:#000000;\n}\n<\/style>\n<div id='av_section_1'  class='avia-section av-46n7mph-a90706514f3d3598388c842ff8067f9d main_color avia-section-default avia-no-shadow  avia-builder-el-0  el_before_av_textblock  avia-builder-el-first  avia-full-stretch avia-bg-style-scroll av-section-color-overlay-active av-minimum-height av-minimum-height-custom av-height-custom  container_wrap fullsize'  data-section-bg-repeat='stretch' data-av_minimum_height_px='500'><div class=\"av-section-color-overlay-wrap\"><div class=\"av-section-color-overlay\"><\/div><div class='container av-section-cont-open' style='height:500px'><main  role=\"main\" itemprop=\"mainContentOfPage\"  class='template-page content  av-content-full alpha units'><div class='post-entry post-entry-type-page post-entry-13589'><div class='entry-content-wrapper clearfix'>\n\n<style type=\"text\/css\" data-created_by=\"avia_inline_auto\" id=\"style-css-av-3vafer9-ba8567e1ffc64c596ea82e2b4d58e54b\">\n#top .av-special-heading.av-3vafer9-ba8567e1ffc64c596ea82e2b4d58e54b{\npadding-bottom:10px;\ncolor:#ffffff;\nfont-size:60px;\n}\nbody .av-special-heading.av-3vafer9-ba8567e1ffc64c596ea82e2b4d58e54b .av-special-heading-tag .heading-char{\nfont-size:25px;\n}\n#top #wrap_all .av-special-heading.av-3vafer9-ba8567e1ffc64c596ea82e2b4d58e54b .av-special-heading-tag{\nfont-size:60px;\n}\n.av-special-heading.av-3vafer9-ba8567e1ffc64c596ea82e2b4d58e54b .special-heading-inner-border{\nborder-color:#ffffff;\n}\n.av-special-heading.av-3vafer9-ba8567e1ffc64c596ea82e2b4d58e54b .av-subheading{\nfont-size:15px;\n}\n\n@media only screen and (min-width: 480px) and (max-width: 767px){ \n#top #wrap_all .av-special-heading.av-3vafer9-ba8567e1ffc64c596ea82e2b4d58e54b .av-special-heading-tag{\nfont-size:0.8em;\n}\n}\n\n@media only screen and (max-width: 479px){ \n#top #wrap_all .av-special-heading.av-3vafer9-ba8567e1ffc64c596ea82e2b4d58e54b .av-special-heading-tag{\nfont-size:0.8em;\n}\n}\n<\/style>\n<div  class='av-special-heading av-3vafer9-ba8567e1ffc64c596ea82e2b4d58e54b av-special-heading-h1 custom-color-heading blockquote modern-quote modern-centered  avia-builder-el-1  avia-builder-el-no-sibling  av-inherit-size'><h1 class='av-special-heading-tag'  itemprop=\"headline\"  >Frequently asked questions<\/h1><div class=\"special-heading-border\"><div class=\"special-heading-inner-border\"><\/div><\/div><\/div>\n<\/div><\/div><\/main><!-- close content main element --><\/div><\/div><\/div><div id='after_section_1'  class='main_color av_default_container_wrap container_wrap fullsize'  ><div class='container av-section-cont-open' ><div class='template-page content  av-content-full alpha units'><div class='post-entry post-entry-type-page post-entry-13589'><div class='entry-content-wrapper clearfix'>\n<section  class='av_textblock_section av-3dt8inp-7faaa657b19c988c19cea405e0c8d6de'   itemscope=\"itemscope\" itemtype=\"https:\/\/schema.org\/CreativeWork\" ><div class='avia_textblock'  itemprop=\"text\" ><h3><strong style=\"line-height: 1.5;\">Where are Premium Fluids manufactured ?<\/strong><\/h3>\n<p>Premium Fluids\u00ae Special Effects liquids are all manufactured in our factory located in France, more precisely in the heart of Europe in the region of Bourgogne-Franche-Comt\u00e9. Their chemical compositions and packaging are made with the greatest care in the Premium Factory, exclusive distributor for all our brands Universal-Effects\u00ae, United FX\u00ae, Aroma Design\u00ae and Premium Fluids\u00ae. These new fluids replace all the old Universal-Effects\u00ae and United FX\u00ae liquids with the same quality.<\/p>\n\n<style type=\"text\/css\" data-created_by=\"avia_inline_auto\" id=\"style-css-av-2uwlrw5-b32ed3194e3ffb179eab144de737e1a6\">\n#top .hr.hr-invisible.av-2uwlrw5-b32ed3194e3ffb179eab144de737e1a6{\nheight:50px;\n}\n<\/style>\n<div  class='hr av-2uwlrw5-b32ed3194e3ffb179eab144de737e1a6 hr-invisible  avia-builder-el-3  el_before_av_hr  avia-builder-el-first'><span class='hr-inner'><span class=\"hr-inner-style\"><\/span><\/span><\/div>\n<h3><strong>Are they compatible with all machines ?<\/strong><\/h3>\n<p>All our fluids are compatible with most machines on the market. In case of doubt, do not hesitate to consult us. As the range of fire fluids is specially adapted to our flame machines, we advise against any other use with machines of other brands.<\/p>\n\n<style type=\"text\/css\" data-created_by=\"avia_inline_auto\" id=\"style-css-av-2nuutv9-54a8fb9b38abd37983941654dd1a8d2a\">\n#top .hr.hr-invisible.av-2nuutv9-54a8fb9b38abd37983941654dd1a8d2a{\nheight:50px;\n}\n<\/style>\n<div  class='hr av-2nuutv9-54a8fb9b38abd37983941654dd1a8d2a hr-invisible  avia-builder-el-4  el_after_av_hr  el_before_av_hr'><span class='hr-inner'><span class=\"hr-inner-style\"><\/span><\/span><\/div>\n<h3><strong>Are they dangerous for health and the environment ?<\/strong><\/h3>\n<p>These products are not known to be harmful to the environment. However, it is recommended not to spill the liquid outside (earth or water) but to evacuate it by the traditional ways planned for the reprocessing of waste water. Our 2.5L, 5L, 10L, 20L jerrycans and 200L drums are all recyclable, approved to the European standard UN Y 1.9 and made of HDPE material.<\/p>\n\n<style type=\"text\/css\" data-created_by=\"avia_inline_auto\" id=\"style-css-av-20jocph-f23de005669de80d18b85acc8562a275\">\n#top .hr.hr-invisible.av-20jocph-f23de005669de80d18b85acc8562a275{\nheight:50px;\n}\n<\/style>\n<div  class='hr av-20jocph-f23de005669de80d18b85acc8562a275 hr-invisible  avia-builder-el-5  el_after_av_hr  el_before_av_hr'><span class='hr-inner'><span class=\"hr-inner-style\"><\/span><\/span><\/div>\n<h3><strong>Can the foam liquid be colored ?<\/strong><\/h3>\n<p>We strongly advise against the use of dyes in the foam liquid, as the allergenic risk associated with dyes is not zero. Moreover, the damage caused to clothes and furniture can be a source of conflict. Good lighting will be very effective and much more dynamic.<\/p>\n\n<style type=\"text\/css\" data-created_by=\"avia_inline_auto\" id=\"style-css-av-1i7tmyd-3f76e22e6823f3acaaac6a7970a06c3b\">\n#top .hr.hr-invisible.av-1i7tmyd-3f76e22e6823f3acaaac6a7970a06c3b{\nheight:50px;\n}\n<\/style>\n<div  class='hr av-1i7tmyd-3f76e22e6823f3acaaac6a7970a06c3b hr-invisible  avia-builder-el-6  el_after_av_hr  el_before_av_hr'><span class='hr-inner'><span class=\"hr-inner-style\"><\/span><\/span><\/div>\n<h3><strong>Is there an expiration date ?<\/strong><\/h3>\n<p>We guarantee the effectiveness of our products for 1 year after their manufacture (see the expiration date on the packaging). Nevertheless, if the recommended storage conditions are respected (in a cool and dry place, protected from air and light), our fluids will continue to be effective for several years. In case of doubt, do not hesitate to consult us. After prolonged storage we advise you to mix your product well before use. In case of doubt, do not hesitate to consult us.<\/p>\n\n<style type=\"text\/css\" data-created_by=\"avia_inline_auto\" id=\"style-css-av-173o79x-4c3c134196a3373fe4654b17d3ed4d3a\">\n#top .hr.hr-invisible.av-173o79x-4c3c134196a3373fe4654b17d3ed4d3a{\nheight:50px;\n}\n<\/style>\n<div  class='hr av-173o79x-4c3c134196a3373fe4654b17d3ed4d3a hr-invisible  avia-builder-el-7  el_after_av_hr  avia-builder-el-last'><span class='hr-inner'><span class=\"hr-inner-style\"><\/span><\/span><\/div>\n<h3><strong>Can I dilute the fluids with water ?<\/strong><\/h3>\n<p>For concentrate fluids (CC), please respect the indicated dosage; for ready-to-use fluids (RTU), it is not necessary and strongly advised not to add water. For SMOKE, HAZER and FIRE fluids in particular, any addition of water or any other liquid is dangerous for the user, the public and the equipment, as these fluids are by definition ready to use.<\/p>\n<\/div><\/section>\n<div  class='avia-button-wrap avia-button-center  avia-builder-el-8  el_after_av_textblock  avia-builder-el-last  reseller'>\n<style type=\"text\/css\" data-created_by=\"avia_inline_auto\" id=\"style-css-av-lhzswl-b1af587a7b6f4c8e0556a6d335766aea\">\n#top #wrap_all .avia-button.av-lhzswl-b1af587a7b6f4c8e0556a6d335766aea{\ncolor:#ffffff;\ntransition:all 0.4s ease-in-out;\n}\n#top #wrap_all .avia-button.av-lhzswl-b1af587a7b6f4c8e0556a6d335766aea:hover{\nbackground-color:#444444;\ncolor:#ffffff;\ntransition:all 0.4s ease-in-out;\n}\n#top #wrap_all .avia-button.av-lhzswl-b1af587a7b6f4c8e0556a6d335766aea .avia-svg-icon svg:first-child{\nfill:#ffffff;\nstroke:#ffffff;\n}\n#top #wrap_all .avia-button.av-lhzswl-b1af587a7b6f4c8e0556a6d335766aea:hover .avia-svg-icon svg:first-child{\nfill:#ffffff;\nstroke:#ffffff;\n}\n<\/style>\n<a href='https:\/\/premiumfluids.eu\/en\/contact\/' class='avia-color-theme-color avia-button avia-button-fullwidth av-lhzswl-b1af587a7b6f4c8e0556a6d335766aea avia-icon_select-no avia-color-theme-color'   aria-label=\"Need more information ? \"><span class='avia_iconbox_title' >Need more information ? <\/span><div class='av-button-description av-button-description-below'><p>Contact us<\/p>\n<\/div><\/a><\/div>","protected":false},"excerpt":{"rendered":"","protected":false},"author":6,"featured_media":0,"parent":10887,"menu_order":0,"comment_status":"closed","ping_status":"closed","template":"","meta":{"_vp_format_video_url":"","_vp_image_focal_point":[],"footnotes":""},"class_list":["post-13589","page","type-page","status-publish","hentry"],"yoast_head":"<!-- This site is optimized with the Yoast SEO plugin v27.4 - https:\/\/yoast.com\/product\/yoast-seo-wordpress\/ -->\n<title>FAQ - Premium Fluids<\/title>\n<meta name=\"description\" content=\"Les questions fr\u00e9quements pos\u00e9es par nos utilisateurs Premium Fluids regroup\u00e9es en une seule et m\u00eame page pour r\u00e9pondre \u00e0 vos questions.\" \/>\n<meta name=\"robots\" content=\"index, follow, max-snippet:-1, max-image-preview:large, max-video-preview:-1\" \/>\n<link rel=\"canonical\" href=\"https:\/\/premiumfluids.eu\/en\/contact\/faq\/\" \/>\n<meta property=\"og:locale\" content=\"en_GB\" \/>\n<meta property=\"og:type\" content=\"article\" \/>\n<meta property=\"og:title\" content=\"FAQ - Premium Fluids\" \/>\n<meta property=\"og:description\" content=\"Les questions fr\u00e9quements pos\u00e9es par nos utilisateurs Premium Fluids regroup\u00e9es en une seule et m\u00eame page pour r\u00e9pondre \u00e0 vos questions.\" \/>\n<meta property=\"og:url\" content=\"https:\/\/premiumfluids.eu\/en\/contact\/faq\/\" \/>\n<meta property=\"og:site_name\" content=\"Premium Fluids\" \/>\n<meta property=\"article:modified_time\" content=\"2023-01-17T16:38:48+00:00\" \/>\n<meta name=\"twitter:card\" content=\"summary_large_image\" \/>\n<meta name=\"twitter:label1\" content=\"Estimated reading time\" \/>\n\t<meta name=\"twitter:data1\" content=\"3 minutes\" \/>\n<script type=\"application\/ld+json\" class=\"yoast-schema-graph\">{\"@context\":\"https:\\\/\\\/schema.org\",\"@graph\":[{\"@type\":\"WebPage\",\"@id\":\"https:\\\/\\\/premiumfluids.eu\\\/contact\\\/faq\\\/\",\"url\":\"https:\\\/\\\/premiumfluids.eu\\\/contact\\\/faq\\\/\",\"name\":\"FAQ - Premium Fluids\",\"isPartOf\":{\"@id\":\"https:\\\/\\\/premiumfluids.eu\\\/#website\"},\"datePublished\":\"2016-01-12T10:53:12+00:00\",\"dateModified\":\"2023-01-17T16:38:48+00:00\",\"description\":\"Les questions fr\u00e9quements pos\u00e9es par nos utilisateurs Premium Fluids regroup\u00e9es en une seule et m\u00eame page pour r\u00e9pondre \u00e0 vos questions.\",\"breadcrumb\":{\"@id\":\"https:\\\/\\\/premiumfluids.eu\\\/contact\\\/faq\\\/#breadcrumb\"},\"inLanguage\":\"en-GB\",\"potentialAction\":[{\"@type\":\"ReadAction\",\"target\":[\"https:\\\/\\\/premiumfluids.eu\\\/contact\\\/faq\\\/\"]}]},{\"@type\":\"BreadcrumbList\",\"@id\":\"https:\\\/\\\/premiumfluids.eu\\\/contact\\\/faq\\\/#breadcrumb\",\"itemListElement\":[{\"@type\":\"ListItem\",\"position\":1,\"name\":\"Accueil\",\"item\":\"https:\\\/\\\/premiumfluids.eu\\\/accueil\\\/\"},{\"@type\":\"ListItem\",\"position\":2,\"name\":\"Contact\",\"item\":\"https:\\\/\\\/premiumfluids.eu\\\/contact\\\/\"},{\"@type\":\"ListItem\",\"position\":3,\"name\":\"FAQ\"}]},{\"@type\":\"WebSite\",\"@id\":\"https:\\\/\\\/premiumfluids.eu\\\/#website\",\"url\":\"https:\\\/\\\/premiumfluids.eu\\\/\",\"name\":\"Premium Fluids\",\"description\":\"Professional special effects fluids\",\"publisher\":{\"@id\":\"https:\\\/\\\/premiumfluids.eu\\\/#organization\"},\"potentialAction\":[{\"@type\":\"SearchAction\",\"target\":{\"@type\":\"EntryPoint\",\"urlTemplate\":\"https:\\\/\\\/premiumfluids.eu\\\/?s={search_term_string}\"},\"query-input\":{\"@type\":\"PropertyValueSpecification\",\"valueRequired\":true,\"valueName\":\"search_term_string\"}}],\"inLanguage\":\"en-GB\"},{\"@type\":\"Organization\",\"@id\":\"https:\\\/\\\/premiumfluids.eu\\\/#organization\",\"name\":\"Premium Fluids\",\"url\":\"https:\\\/\\\/premiumfluids.eu\\\/\",\"logo\":{\"@type\":\"ImageObject\",\"inLanguage\":\"en-GB\",\"@id\":\"https:\\\/\\\/premiumfluids.eu\\\/#\\\/schema\\\/logo\\\/image\\\/\",\"url\":\"https:\\\/\\\/premiumfluids.eu\\\/wp-content\\\/uploads\\\/2015\\\/11\\\/Logo-pemium-fluids3.png\",\"contentUrl\":\"https:\\\/\\\/premiumfluids.eu\\\/wp-content\\\/uploads\\\/2015\\\/11\\\/Logo-pemium-fluids3.png\",\"width\":400,\"height\":361,\"caption\":\"Premium Fluids\"},\"image\":{\"@id\":\"https:\\\/\\\/premiumfluids.eu\\\/#\\\/schema\\\/logo\\\/image\\\/\"}}]}<\/script>\n<!-- \/ Yoast SEO plugin. -->","yoast_head_json":{"title":"FAQ - Premium Fluids","description":"Les questions fr\u00e9quements pos\u00e9es par nos utilisateurs Premium Fluids regroup\u00e9es en une seule et m\u00eame page pour r\u00e9pondre \u00e0 vos questions.","robots":{"index":"index","follow":"follow","max-snippet":"max-snippet:-1","max-image-preview":"max-image-preview:large","max-video-preview":"max-video-preview:-1"},"canonical":"https:\/\/premiumfluids.eu\/en\/contact\/faq\/","og_locale":"en_GB","og_type":"article","og_title":"FAQ - Premium Fluids","og_description":"Les questions fr\u00e9quements pos\u00e9es par nos utilisateurs Premium Fluids regroup\u00e9es en une seule et m\u00eame page pour r\u00e9pondre \u00e0 vos questions.","og_url":"https:\/\/premiumfluids.eu\/en\/contact\/faq\/","og_site_name":"Premium Fluids","article_modified_time":"2023-01-17T16:38:48+00:00","twitter_card":"summary_large_image","twitter_misc":{"Estimated reading time":"3 minutes"},"schema":{"@context":"https:\/\/schema.org","@graph":[{"@type":"WebPage","@id":"https:\/\/premiumfluids.eu\/contact\/faq\/","url":"https:\/\/premiumfluids.eu\/contact\/faq\/","name":"FAQ - Premium Fluids","isPartOf":{"@id":"https:\/\/premiumfluids.eu\/#website"},"datePublished":"2016-01-12T10:53:12+00:00","dateModified":"2023-01-17T16:38:48+00:00","description":"Les questions fr\u00e9quements pos\u00e9es par nos utilisateurs Premium Fluids regroup\u00e9es en une seule et m\u00eame page pour r\u00e9pondre \u00e0 vos questions.","breadcrumb":{"@id":"https:\/\/premiumfluids.eu\/contact\/faq\/#breadcrumb"},"inLanguage":"en-GB","potentialAction":[{"@type":"ReadAction","target":["https:\/\/premiumfluids.eu\/contact\/faq\/"]}]},{"@type":"BreadcrumbList","@id":"https:\/\/premiumfluids.eu\/contact\/faq\/#breadcrumb","itemListElement":[{"@type":"ListItem","position":1,"name":"Accueil","item":"https:\/\/premiumfluids.eu\/accueil\/"},{"@type":"ListItem","position":2,"name":"Contact","item":"https:\/\/premiumfluids.eu\/contact\/"},{"@type":"ListItem","position":3,"name":"FAQ"}]},{"@type":"WebSite","@id":"https:\/\/premiumfluids.eu\/#website","url":"https:\/\/premiumfluids.eu\/","name":"Premium Fluids","description":"Professional special effects fluids","publisher":{"@id":"https:\/\/premiumfluids.eu\/#organization"},"potentialAction":[{"@type":"SearchAction","target":{"@type":"EntryPoint","urlTemplate":"https:\/\/premiumfluids.eu\/?s={search_term_string}"},"query-input":{"@type":"PropertyValueSpecification","valueRequired":true,"valueName":"search_term_string"}}],"inLanguage":"en-GB"},{"@type":"Organization","@id":"https:\/\/premiumfluids.eu\/#organization","name":"Premium Fluids","url":"https:\/\/premiumfluids.eu\/","logo":{"@type":"ImageObject","inLanguage":"en-GB","@id":"https:\/\/premiumfluids.eu\/#\/schema\/logo\/image\/","url":"https:\/\/premiumfluids.eu\/wp-content\/uploads\/2015\/11\/Logo-pemium-fluids3.png","contentUrl":"https:\/\/premiumfluids.eu\/wp-content\/uploads\/2015\/11\/Logo-pemium-fluids3.png","width":400,"height":361,"caption":"Premium Fluids"},"image":{"@id":"https:\/\/premiumfluids.eu\/#\/schema\/logo\/image\/"}}]}},"_links":{"self":[{"href":"https:\/\/premiumfluids.eu\/en\/wp-json\/wp\/v2\/pages\/13589","targetHints":{"allow":["GET"]}}],"collection":[{"href":"https:\/\/premiumfluids.eu\/en\/wp-json\/wp\/v2\/pages"}],"about":[{"href":"https:\/\/premiumfluids.eu\/en\/wp-json\/wp\/v2\/types\/page"}],"author":[{"embeddable":true,"href":"https:\/\/premiumfluids.eu\/en\/wp-json\/wp\/v2\/users\/6"}],"replies":[{"embeddable":true,"href":"https:\/\/premiumfluids.eu\/en\/wp-json\/wp\/v2\/comments?post=13589"}],"version-history":[{"count":5,"href":"https:\/\/premiumfluids.eu\/en\/wp-json\/wp\/v2\/pages\/13589\/revisions"}],"predecessor-version":[{"id":18419,"href":"https:\/\/premiumfluids.eu\/en\/wp-json\/wp\/v2\/pages\/13589\/revisions\/18419"}],"up":[{"embeddable":true,"href":"https:\/\/premiumfluids.eu\/en\/wp-json\/wp\/v2\/pages\/10887"}],"wp:attachment":[{"href":"https:\/\/premiumfluids.eu\/en\/wp-json\/wp\/v2\/media?parent=13589"}],"curies":[{"name":"wp","href":"https:\/\/api.w.org\/{rel}","templated":true}]}}