{"id":10883,"date":"2014-10-11T14:58:50","date_gmt":"2014-10-11T13:58:50","guid":{"rendered":"http:\/\/theme-fusion.com\/avada_demos\/portfolio\/?page_id=10883"},"modified":"2024-02-08T12:30:07","modified_gmt":"2024-02-08T11:30:07","slug":"a-propos","status":"publish","type":"page","link":"https:\/\/premiumfluids.eu\/en\/a-propos\/","title":{"rendered":"About"},"content":{"rendered":"<style type=\"text\/css\" data-created_by=\"avia_inline_auto\" id=\"style-css-av-bkqjjfn-2311fc0f84d0d8a715ad31e85e59f504\">\n.avia-section.av-bkqjjfn-2311fc0f84d0d8a715ad31e85e59f504{\nbackground-repeat:no-repeat;\nbackground-image:url(https:\/\/premiumfluids.eu\/wp-content\/uploads\/2014\/10\/goutte-mockup.jpg);\nbackground-position:50% 50%;\nbackground-attachment:scroll;\n}\n.avia-section.av-bkqjjfn-2311fc0f84d0d8a715ad31e85e59f504 .av-section-color-overlay{\nopacity:0.5;\nbackground-color:#7bb0e7;\n}\n<\/style>\n<div id='av_section_1'  class='avia-section av-bkqjjfn-2311fc0f84d0d8a715ad31e85e59f504 main_color avia-section-default avia-no-border-styling  avia-builder-el-0  el_before_av_section  avia-builder-el-first  avia-full-stretch avia-bg-style-scroll av-section-color-overlay-active av-minimum-height av-minimum-height-custom av-height-custom  container_wrap fullsize'  data-section-bg-repeat='stretch' data-av_minimum_height_px='500'><div class=\"av-section-color-overlay-wrap\"><div class=\"av-section-color-overlay\"><\/div><div class='container av-section-cont-open' style='height:500px'><main  role=\"main\" itemprop=\"mainContentOfPage\"  class='template-page content  av-content-full alpha units'><div class='post-entry post-entry-type-page post-entry-10883'><div class='entry-content-wrapper clearfix'>\n\n<style type=\"text\/css\" data-created_by=\"avia_inline_auto\" id=\"style-css-av-b4802qr-daa11df381c9f50aa6460b73ffa4c57b\">\n#top .av-special-heading.av-b4802qr-daa11df381c9f50aa6460b73ffa4c57b{\npadding-bottom:10px;\ncolor:#ffffff;\nfont-size:60px;\n}\nbody .av-special-heading.av-b4802qr-daa11df381c9f50aa6460b73ffa4c57b .av-special-heading-tag .heading-char{\nfont-size:25px;\n}\n#top #wrap_all .av-special-heading.av-b4802qr-daa11df381c9f50aa6460b73ffa4c57b .av-special-heading-tag{\nfont-size:60px;\n}\n.av-special-heading.av-b4802qr-daa11df381c9f50aa6460b73ffa4c57b .special-heading-inner-border{\nborder-color:#ffffff;\n}\n.av-special-heading.av-b4802qr-daa11df381c9f50aa6460b73ffa4c57b .av-subheading{\nfont-size:15px;\n}\n\n@media only screen and (min-width: 480px) and (max-width: 767px){ \n#top #wrap_all .av-special-heading.av-b4802qr-daa11df381c9f50aa6460b73ffa4c57b .av-special-heading-tag{\nfont-size:0.8em;\n}\n}\n\n@media only screen and (max-width: 479px){ \n#top #wrap_all .av-special-heading.av-b4802qr-daa11df381c9f50aa6460b73ffa4c57b .av-special-heading-tag{\nfont-size:0.8em;\n}\n}\n<\/style>\n<div  class='av-special-heading av-b4802qr-daa11df381c9f50aa6460b73ffa4c57b av-special-heading-h1 custom-color-heading blockquote modern-quote modern-centered  avia-builder-el-1  avia-builder-el-no-sibling  av-inherit-size'><h1 class='av-special-heading-tag'  itemprop=\"headline\"  >About<\/h1><div class=\"special-heading-border\"><div class=\"special-heading-inner-border\"><\/div><\/div><\/div>\n\n<\/div><\/div><\/main><!-- close content main element --><\/div><\/div><\/div>\n<style type=\"text\/css\" data-created_by=\"avia_inline_auto\" id=\"style-css-av-ar8gddv-ea9f22b27c0126cbc7af195ae8efb9c5\">\n.avia-section.av-ar8gddv-ea9f22b27c0126cbc7af195ae8efb9c5{\nbackground-color:#ffffff;\nbackground-image:unset;\n}\n<\/style>\n<div id='av_section_2'  class='avia-section av-ar8gddv-ea9f22b27c0126cbc7af195ae8efb9c5 main_color avia-section-default avia-no-shadow  avia-builder-el-2  el_after_av_section  avia-builder-el-last  avia-bg-style-scroll container_wrap fullsize'  ><div class='container av-section-cont-open' ><div class='template-page content  av-content-full alpha units'><div class='post-entry post-entry-type-page post-entry-10883'><div class='entry-content-wrapper clearfix'>\n\n<style type=\"text\/css\" data-created_by=\"avia_inline_auto\" id=\"style-css-av-rthh2b-6eb16c290d643bb0c1432f9ef29a817b\">\n#top .av-special-heading.av-rthh2b-6eb16c290d643bb0c1432f9ef29a817b{\npadding-bottom:10px;\nfont-size:40px;\n}\nbody .av-special-heading.av-rthh2b-6eb16c290d643bb0c1432f9ef29a817b .av-special-heading-tag .heading-char{\nfont-size:25px;\n}\n#top #wrap_all .av-special-heading.av-rthh2b-6eb16c290d643bb0c1432f9ef29a817b .av-special-heading-tag{\nfont-size:40px;\n}\n.av-special-heading.av-rthh2b-6eb16c290d643bb0c1432f9ef29a817b .av-subheading{\nfont-size:15px;\n}\n\n@media only screen and (min-width: 480px) and (max-width: 767px){ \n#top #wrap_all .av-special-heading.av-rthh2b-6eb16c290d643bb0c1432f9ef29a817b .av-special-heading-tag{\nfont-size:0.8em;\n}\n}\n\n@media only screen and (max-width: 479px){ \n#top #wrap_all .av-special-heading.av-rthh2b-6eb16c290d643bb0c1432f9ef29a817b .av-special-heading-tag{\nfont-size:0.8em;\n}\n}\n<\/style>\n<div  class='av-special-heading av-rthh2b-6eb16c290d643bb0c1432f9ef29a817b av-special-heading-h2 blockquote modern-quote modern-centered  avia-builder-el-3  el_before_av_hr  avia-builder-el-first  av-inherit-size'><h2 class='av-special-heading-tag'  itemprop=\"headline\"  >Our history<\/h2><div class=\"special-heading-border\"><div class=\"special-heading-inner-border\"><\/div><\/div><\/div>\n\n<style type=\"text\/css\" data-created_by=\"avia_inline_auto\" id=\"style-css-av-a3fcqwz-8e3af6d933d784cdf3e57d1dff9a5230\">\n#top .hr.av-a3fcqwz-8e3af6d933d784cdf3e57d1dff9a5230{\nmargin-top:30px;\nmargin-bottom:30px;\n}\n.hr.av-a3fcqwz-8e3af6d933d784cdf3e57d1dff9a5230 .hr-inner{\nwidth:50px;\n}\n<\/style>\n<div  class='hr av-a3fcqwz-8e3af6d933d784cdf3e57d1dff9a5230 hr-custom  avia-builder-el-4  el_after_av_heading  el_before_av_one_fourth  hr-center hr-icon-no'><span class='hr-inner inner-border-av-border-thin'><span class=\"hr-inner-style\"><\/span><\/span><\/div>\n\n<style type=\"text\/css\" data-created_by=\"avia_inline_auto\" id=\"style-css-av-9g9462r-cc5b708a087b6a1d2f009e016d45492d\">\n.flex_column.av-9g9462r-cc5b708a087b6a1d2f009e016d45492d{\nborder-radius:0px 0px 0px 0px;\npadding:0px 0px 0px 0px;\n}\n<\/style>\n<div  class='flex_column av-9g9462r-cc5b708a087b6a1d2f009e016d45492d av_one_fourth  avia-builder-el-5  el_after_av_hr  el_before_av_one_half  first flex_column_div av-zero-column-padding'     ><\/div>\n<style type=\"text\/css\" data-created_by=\"avia_inline_auto\" id=\"style-css-av-8t15fkz-50381f97d798888422c59606ba448cd6\">\n.flex_column.av-8t15fkz-50381f97d798888422c59606ba448cd6{\nborder-radius:0px 0px 0px 0px;\npadding:0px 0px 0px 0px;\n}\n<\/style>\n<div  class='flex_column av-8t15fkz-50381f97d798888422c59606ba448cd6 av_one_half  avia-builder-el-6  el_after_av_one_fourth  el_before_av_one_fourth  flex_column_div av-zero-column-padding'     ><style type=\"text\/css\" data-created_by=\"avia_inline_auto\" id=\"style-css-av-8oog55v-0249b2be569ea4970e15361dc9e98875\">\n#top .av_textblock_section.av-8oog55v-0249b2be569ea4970e15361dc9e98875 .avia_textblock{\nfont-size:16px;\n}\n<\/style>\n<section  class='av_textblock_section av-8oog55v-0249b2be569ea4970e15361dc9e98875'   itemscope=\"itemscope\" itemtype=\"https:\/\/schema.org\/CreativeWork\" ><div class='avia_textblock'  itemprop=\"text\" ><p style=\"text-align: center;\">As part of its development, the company <strong>Premium Factory<\/strong>\u00a0has chosen to promote its production of Special Effects liquids by creating a dedicated brand: <strong>Premium Fluids\u00ae<\/strong>.<\/p>\n<p style=\"text-align: center;\">The Brand <strong>Premium Fluids\u00ae<\/strong> is designed for demanding professionals.<\/p>\n<p style=\"text-align: center;\">It benefits from the 25 years of experience of our Technical Director Jean-Yves Pizzini, during which these products have already given satisfaction through different brands such as <a href=\"https:\/\/universal-effects.eu\/en\/\">Universal Effects<\/a> and <a href=\"https:\/\/www.unitedfx.eu\/\">United FX<\/a> by their efficiency and reliability, to the professionals of the show, the leisure and the event in the most prestigious places.<\/p>\n<\/div><\/section><br \/>\n\n<style type=\"text\/css\" data-created_by=\"avia_inline_auto\" id=\"style-css-av-88o8twj-259c99775dce843af14ef086d090ba46\">\n#top .hr.hr-invisible.av-88o8twj-259c99775dce843af14ef086d090ba46{\nheight:50px;\n}\n<\/style>\n<div  class='hr av-88o8twj-259c99775dce843af14ef086d090ba46 hr-invisible  avia-builder-el-8  el_after_av_textblock  el_before_av_image'><span class='hr-inner'><span class=\"hr-inner-style\"><\/span><\/span><\/div><br \/>\n\n<style type=\"text\/css\" data-created_by=\"avia_inline_auto\" id=\"style-css-av-7obr8cj-6a870dd3007dd7edc60aa56c24cd1beb\">\n.avia-image-container.av-7obr8cj-6a870dd3007dd7edc60aa56c24cd1beb img.avia_image{\nbox-shadow:none;\n}\n.avia-image-container.av-7obr8cj-6a870dd3007dd7edc60aa56c24cd1beb .av-image-caption-overlay-center{\ncolor:#ffffff;\n}\n<\/style>\n<div  class='avia-image-container av-7obr8cj-6a870dd3007dd7edc60aa56c24cd1beb av-styling- avia-align-center  avia-builder-el-9  el_after_av_hr  avia-builder-el-last'   itemprop=\"image\" itemscope=\"itemscope\" itemtype=\"https:\/\/schema.org\/ImageObject\" ><div class=\"avia-image-container-inner\"><div class=\"avia-image-overlay-wrap\"><img decoding=\"async\" fetchpriority=\"high\" class='wp-image-13613 avia-img-lazy-loading-not-13613 avia_image' src=\"https:\/\/premiumfluids.eu\/wp-content\/uploads\/2014\/10\/map-premium-fluids.png\" alt='' title='map-premium-fluids'  height=\"506\" width=\"1000\"  itemprop=\"thumbnailUrl\" srcset=\"https:\/\/premiumfluids.eu\/wp-content\/uploads\/2014\/10\/map-premium-fluids.png 1000w, https:\/\/premiumfluids.eu\/wp-content\/uploads\/2014\/10\/map-premium-fluids-300x152.png 300w, https:\/\/premiumfluids.eu\/wp-content\/uploads\/2014\/10\/map-premium-fluids-768x389.png 768w, https:\/\/premiumfluids.eu\/wp-content\/uploads\/2014\/10\/map-premium-fluids-705x357.png 705w, https:\/\/premiumfluids.eu\/wp-content\/uploads\/2014\/10\/map-premium-fluids-450x228.png 450w\" sizes=\"(max-width: 1000px) 100vw, 1000px\" \/><\/div><\/div><\/div><\/p><\/div>\n<style type=\"text\/css\" data-created_by=\"avia_inline_auto\" id=\"style-css-av-73jlxkz-4b88f2c89bce0de2fe6afe9d5ead7752\">\n.flex_column.av-73jlxkz-4b88f2c89bce0de2fe6afe9d5ead7752{\nborder-radius:0px 0px 0px 0px;\npadding:0px 0px 0px 0px;\n}\n<\/style>\n<div  class='flex_column av-73jlxkz-4b88f2c89bce0de2fe6afe9d5ead7752 av_one_fourth  avia-builder-el-10  el_after_av_one_half  el_before_av_one_third  flex_column_div av-zero-column-padding'     ><\/div>\n<style type=\"text\/css\" data-created_by=\"avia_inline_auto\" id=\"style-css-av-5x8vosj-f4bab23d1f246d88d12ff6768482ec23\">\n.flex_column.av-5x8vosj-f4bab23d1f246d88d12ff6768482ec23{\nborder-radius:0px 0px 0px 0px;\npadding:10px 10px 10px 10px;\n}\n<\/style>\n<div  class='flex_column av-5x8vosj-f4bab23d1f246d88d12ff6768482ec23 av_one_third  avia-builder-el-11  el_after_av_one_fourth  el_before_av_one_third  first flex_column_div  column-top-margin'     ><section  class='av_textblock_section av-4otpdxf-8372e88c5ea63e655e63e88c63b70441'   itemscope=\"itemscope\" itemtype=\"https:\/\/schema.org\/CreativeWork\" ><div class='avia_textblock'  itemprop=\"text\" ><p>Our development requirements are particularly high for Premium Fluids, both in terms of chemistry and technology. Driven by a bold mindset, we create products that transcend market performance to always offer you the best.<\/p>\n<\/div><\/section><\/div>\n<style type=\"text\/css\" data-created_by=\"avia_inline_auto\" id=\"style-css-av-46yp8lf-08986ba0285f03b2e1454219075ed87d\">\n.flex_column.av-46yp8lf-08986ba0285f03b2e1454219075ed87d{\nborder-radius:0px 0px 0px 0px;\npadding:10px 10px 10px 10px;\n}\n<\/style>\n<div  class='flex_column av-46yp8lf-08986ba0285f03b2e1454219075ed87d av_one_third  avia-builder-el-13  el_after_av_one_third  el_before_av_one_third  flex_column_div  column-top-margin'     ><section  class='av_textblock_section av-194w1v-579ab5b63fd3f8bded61aef4aba36784'   itemscope=\"itemscope\" itemtype=\"https:\/\/schema.org\/CreativeWork\" ><div class='avia_textblock'  itemprop=\"text\" ><p>The best recipes are made from the best resources, which is why our fluids are made from the highest quality components available for safe and optimal use in all professional machines.<\/p>\n<\/div><\/section><\/div>\n<style type=\"text\/css\" data-created_by=\"avia_inline_auto\" id=\"style-css-av-304k9hf-06fb93fad8a50f477597872ed7e83713\">\n.flex_column.av-304k9hf-06fb93fad8a50f477597872ed7e83713{\nborder-radius:0px 0px 0px 0px;\npadding:10px 10px 10px 10px;\n}\n<\/style>\n<div  class='flex_column av-304k9hf-06fb93fad8a50f477597872ed7e83713 av_one_third  avia-builder-el-15  el_after_av_one_third  avia-builder-el-last  flex_column_div  column-top-margin'     ><section  class='av_textblock_section av-29nhkar-e9c0223bbdb4c0d2dcb182e9325067e7'   itemscope=\"itemscope\" itemtype=\"https:\/\/schema.org\/CreativeWork\" ><div class='avia_textblock'  itemprop=\"text\" ><p>Nous cherchons en permanence \u00e0 nous am\u00e9liorer et \u00e0 apprendre aux c\u00f4t\u00e9s de nos collaborateurs. Notre objectif est de proposer la meilleure qualit\u00e9 possible \u00e0 tous nos clients. Pour qu&rsquo;une telle d\u00e9marche fonctionne au mieux nous sommes tr\u00e8s \u00e0 l&rsquo;\u00e9coute des retours et critiques de nos utilisateurs Premium Fluids.<\/p>\n<\/div><\/section><\/div>","protected":false},"excerpt":{"rendered":"","protected":false},"author":6,"featured_media":0,"parent":0,"menu_order":0,"comment_status":"closed","ping_status":"closed","template":"","meta":{"_vp_format_video_url":"","_vp_image_focal_point":[],"footnotes":""},"class_list":["post-10883","page","type-page","status-publish","hentry"],"yoast_head":"<!-- This site is optimized with the Yoast SEO plugin v27.4 - https:\/\/yoast.com\/product\/yoast-seo-wordpress\/ -->\n<title>A propos de notre marque Premium Fluids<\/title>\n<meta name=\"description\" content=\"Dans le cadre de son d\u00e9veloppement, la soci\u00e9t\u00e9 Premium Factory\u00a0a choisi de valoriser sa production de liquides \u00e0 Effets Sp\u00e9ciaux en cr\u00e9ant ...\" \/>\n<meta name=\"robots\" content=\"index, follow, max-snippet:-1, max-image-preview:large, max-video-preview:-1\" \/>\n<link rel=\"canonical\" href=\"https:\/\/premiumfluids.eu\/en\/a-propos\/\" \/>\n<meta property=\"og:locale\" content=\"en_GB\" \/>\n<meta property=\"og:type\" content=\"article\" \/>\n<meta property=\"og:title\" content=\"A propos de notre marque Premium Fluids\" \/>\n<meta property=\"og:description\" content=\"Dans le cadre de son d\u00e9veloppement, la soci\u00e9t\u00e9 Premium Factory\u00a0a choisi de valoriser sa production de liquides \u00e0 Effets Sp\u00e9ciaux en cr\u00e9ant ...\" \/>\n<meta property=\"og:url\" content=\"https:\/\/premiumfluids.eu\/en\/a-propos\/\" \/>\n<meta property=\"og:site_name\" content=\"Premium Fluids\" \/>\n<meta property=\"article:modified_time\" content=\"2024-02-08T11:30:07+00:00\" \/>\n<meta name=\"twitter:card\" content=\"summary_large_image\" \/>\n<meta name=\"twitter:label1\" content=\"Estimated reading time\" \/>\n\t<meta name=\"twitter:data1\" content=\"3 minutes\" \/>\n<script type=\"application\/ld+json\" class=\"yoast-schema-graph\">{\"@context\":\"https:\\\/\\\/schema.org\",\"@graph\":[{\"@type\":\"WebPage\",\"@id\":\"https:\\\/\\\/premiumfluids.eu\\\/a-propos\\\/\",\"url\":\"https:\\\/\\\/premiumfluids.eu\\\/a-propos\\\/\",\"name\":\"A propos de notre marque Premium Fluids\",\"isPartOf\":{\"@id\":\"https:\\\/\\\/premiumfluids.eu\\\/#website\"},\"datePublished\":\"2014-10-11T13:58:50+00:00\",\"dateModified\":\"2024-02-08T11:30:07+00:00\",\"description\":\"Dans le cadre de son d\u00e9veloppement, la soci\u00e9t\u00e9 Premium Factory\u00a0a choisi de valoriser sa production de liquides \u00e0 Effets Sp\u00e9ciaux en cr\u00e9ant ...\",\"breadcrumb\":{\"@id\":\"https:\\\/\\\/premiumfluids.eu\\\/a-propos\\\/#breadcrumb\"},\"inLanguage\":\"en-GB\",\"potentialAction\":[{\"@type\":\"ReadAction\",\"target\":[\"https:\\\/\\\/premiumfluids.eu\\\/a-propos\\\/\"]}]},{\"@type\":\"BreadcrumbList\",\"@id\":\"https:\\\/\\\/premiumfluids.eu\\\/a-propos\\\/#breadcrumb\",\"itemListElement\":[{\"@type\":\"ListItem\",\"position\":1,\"name\":\"Accueil\",\"item\":\"https:\\\/\\\/premiumfluids.eu\\\/accueil\\\/\"},{\"@type\":\"ListItem\",\"position\":2,\"name\":\"A propos\"}]},{\"@type\":\"WebSite\",\"@id\":\"https:\\\/\\\/premiumfluids.eu\\\/#website\",\"url\":\"https:\\\/\\\/premiumfluids.eu\\\/\",\"name\":\"Premium Fluids\",\"description\":\"Professional special effects fluids\",\"publisher\":{\"@id\":\"https:\\\/\\\/premiumfluids.eu\\\/#organization\"},\"potentialAction\":[{\"@type\":\"SearchAction\",\"target\":{\"@type\":\"EntryPoint\",\"urlTemplate\":\"https:\\\/\\\/premiumfluids.eu\\\/?s={search_term_string}\"},\"query-input\":{\"@type\":\"PropertyValueSpecification\",\"valueRequired\":true,\"valueName\":\"search_term_string\"}}],\"inLanguage\":\"en-GB\"},{\"@type\":\"Organization\",\"@id\":\"https:\\\/\\\/premiumfluids.eu\\\/#organization\",\"name\":\"Premium Fluids\",\"url\":\"https:\\\/\\\/premiumfluids.eu\\\/\",\"logo\":{\"@type\":\"ImageObject\",\"inLanguage\":\"en-GB\",\"@id\":\"https:\\\/\\\/premiumfluids.eu\\\/#\\\/schema\\\/logo\\\/image\\\/\",\"url\":\"https:\\\/\\\/premiumfluids.eu\\\/wp-content\\\/uploads\\\/2015\\\/11\\\/Logo-pemium-fluids3.png\",\"contentUrl\":\"https:\\\/\\\/premiumfluids.eu\\\/wp-content\\\/uploads\\\/2015\\\/11\\\/Logo-pemium-fluids3.png\",\"width\":400,\"height\":361,\"caption\":\"Premium Fluids\"},\"image\":{\"@id\":\"https:\\\/\\\/premiumfluids.eu\\\/#\\\/schema\\\/logo\\\/image\\\/\"}}]}<\/script>\n<!-- \/ Yoast SEO plugin. -->","yoast_head_json":{"title":"A propos de notre marque Premium Fluids","description":"Dans le cadre de son d\u00e9veloppement, la soci\u00e9t\u00e9 Premium Factory\u00a0a choisi de valoriser sa production de liquides \u00e0 Effets Sp\u00e9ciaux en cr\u00e9ant ...","robots":{"index":"index","follow":"follow","max-snippet":"max-snippet:-1","max-image-preview":"max-image-preview:large","max-video-preview":"max-video-preview:-1"},"canonical":"https:\/\/premiumfluids.eu\/en\/a-propos\/","og_locale":"en_GB","og_type":"article","og_title":"A propos de notre marque Premium Fluids","og_description":"Dans le cadre de son d\u00e9veloppement, la soci\u00e9t\u00e9 Premium Factory\u00a0a choisi de valoriser sa production de liquides \u00e0 Effets Sp\u00e9ciaux en cr\u00e9ant ...","og_url":"https:\/\/premiumfluids.eu\/en\/a-propos\/","og_site_name":"Premium Fluids","article_modified_time":"2024-02-08T11:30:07+00:00","twitter_card":"summary_large_image","twitter_misc":{"Estimated reading time":"3 minutes"},"schema":{"@context":"https:\/\/schema.org","@graph":[{"@type":"WebPage","@id":"https:\/\/premiumfluids.eu\/a-propos\/","url":"https:\/\/premiumfluids.eu\/a-propos\/","name":"A propos de notre marque Premium Fluids","isPartOf":{"@id":"https:\/\/premiumfluids.eu\/#website"},"datePublished":"2014-10-11T13:58:50+00:00","dateModified":"2024-02-08T11:30:07+00:00","description":"Dans le cadre de son d\u00e9veloppement, la soci\u00e9t\u00e9 Premium Factory\u00a0a choisi de valoriser sa production de liquides \u00e0 Effets Sp\u00e9ciaux en cr\u00e9ant ...","breadcrumb":{"@id":"https:\/\/premiumfluids.eu\/a-propos\/#breadcrumb"},"inLanguage":"en-GB","potentialAction":[{"@type":"ReadAction","target":["https:\/\/premiumfluids.eu\/a-propos\/"]}]},{"@type":"BreadcrumbList","@id":"https:\/\/premiumfluids.eu\/a-propos\/#breadcrumb","itemListElement":[{"@type":"ListItem","position":1,"name":"Accueil","item":"https:\/\/premiumfluids.eu\/accueil\/"},{"@type":"ListItem","position":2,"name":"A propos"}]},{"@type":"WebSite","@id":"https:\/\/premiumfluids.eu\/#website","url":"https:\/\/premiumfluids.eu\/","name":"Premium Fluids","description":"Professional special effects fluids","publisher":{"@id":"https:\/\/premiumfluids.eu\/#organization"},"potentialAction":[{"@type":"SearchAction","target":{"@type":"EntryPoint","urlTemplate":"https:\/\/premiumfluids.eu\/?s={search_term_string}"},"query-input":{"@type":"PropertyValueSpecification","valueRequired":true,"valueName":"search_term_string"}}],"inLanguage":"en-GB"},{"@type":"Organization","@id":"https:\/\/premiumfluids.eu\/#organization","name":"Premium Fluids","url":"https:\/\/premiumfluids.eu\/","logo":{"@type":"ImageObject","inLanguage":"en-GB","@id":"https:\/\/premiumfluids.eu\/#\/schema\/logo\/image\/","url":"https:\/\/premiumfluids.eu\/wp-content\/uploads\/2015\/11\/Logo-pemium-fluids3.png","contentUrl":"https:\/\/premiumfluids.eu\/wp-content\/uploads\/2015\/11\/Logo-pemium-fluids3.png","width":400,"height":361,"caption":"Premium Fluids"},"image":{"@id":"https:\/\/premiumfluids.eu\/#\/schema\/logo\/image\/"}}]}},"_links":{"self":[{"href":"https:\/\/premiumfluids.eu\/en\/wp-json\/wp\/v2\/pages\/10883","targetHints":{"allow":["GET"]}}],"collection":[{"href":"https:\/\/premiumfluids.eu\/en\/wp-json\/wp\/v2\/pages"}],"about":[{"href":"https:\/\/premiumfluids.eu\/en\/wp-json\/wp\/v2\/types\/page"}],"author":[{"embeddable":true,"href":"https:\/\/premiumfluids.eu\/en\/wp-json\/wp\/v2\/users\/6"}],"replies":[{"embeddable":true,"href":"https:\/\/premiumfluids.eu\/en\/wp-json\/wp\/v2\/comments?post=10883"}],"version-history":[{"count":11,"href":"https:\/\/premiumfluids.eu\/en\/wp-json\/wp\/v2\/pages\/10883\/revisions"}],"predecessor-version":[{"id":18747,"href":"https:\/\/premiumfluids.eu\/en\/wp-json\/wp\/v2\/pages\/10883\/revisions\/18747"}],"wp:attachment":[{"href":"https:\/\/premiumfluids.eu\/en\/wp-json\/wp\/v2\/media?parent=10883"}],"curies":[{"name":"wp","href":"https:\/\/api.w.org\/{rel}","templated":true}]}}